{"id":9810,"date":"2024-09-05T12:00:02","date_gmt":"2024-09-05T09:00:02","guid":{"rendered":"https:\/\/www.alapalaacademy.com\/urun\/bas-degirmenci-mudur\/"},"modified":"2026-04-19T14:07:41","modified_gmt":"2026-04-19T11:07:41","slug":"bas-degirmenci-egitimi","status":"publish","type":"product","link":"https:\/\/www.alapalaacademy.com\/tr\/urun\/bas-degirmenci-egitimi\/","title":{"rendered":"Ba\u015f De\u011firmenci E\u011fitimi"},"content":{"rendered":"<div id=\"ag-1737544421974\"><\/div>\n<div class=\"flex max-w-full flex-col flex-grow\">\n<div class=\"min-h-[20px] text-message flex w-full flex-col items-end gap-2 break-words [.text-message+&amp;]:mt-5 overflow-x-auto whitespace-normal\" dir=\"auto\" data-message-author-role=\"assistant\" data-message-id=\"6e4e7a00-e29c-406f-a9e8-a7e8b317d296\">\n<div class=\"flex w-full flex-col gap-1 empty:hidden first:pt-[3px]\">\n<div class=\"markdown prose w-full break-words dark:prose-invert light\">\n<table>\n<thead>\n<tr>\n<th><strong>1. HAFTA<\/strong><\/th>\n<th><strong>ZAMAN<\/strong><\/th>\n<th><strong>KURSLAR<\/strong><\/th>\n<th><strong>DETAYLAR<\/strong><\/th>\n<\/tr>\n<\/thead>\n<tbody>\n<tr>\n<td><strong>1. G\u00fcn<\/strong><\/td>\n<td>08:30 \u2013 10:20<\/td>\n<td>Oryantasyon<\/td>\n<td>Alapala Akademiye giri\u015f, Alapala Fabrikas\u0131 teknik turu, Alapala De\u011firmeni teknik turu<\/td>\n<\/tr>\n<tr>\n<td><\/td>\n<td>10:30 \u2013 12:20<\/td>\n<td>\u00d6\u011f\u00fctme \u0130\u015flemi<\/td>\n<td>Ak\u0131\u015f diyagram\u0131 \u00fczerinden bu\u011fday \u00f6\u011f\u00fctme i\u015flemine giri\u015f<\/td>\n<\/tr>\n<tr>\n<td><\/td>\n<td><strong>\u00d6\u011eLE YEME\u011e\u0130<\/strong><\/td>\n<td><\/td>\n<td><\/td>\n<\/tr>\n<tr>\n<td><\/td>\n<td>13:30 &#8211; 17:20<\/td>\n<td>\u00d6\u011f\u00fctme Makineleri, \u00d6zellikleri ve \u00c7al\u0131\u015fma Prensipleri<\/td>\n<td>Temizleme b\u00f6l\u00fcm\u00fc, ak\u0131\u015f \u015femas\u0131nda renk ay\u0131r\u0131c\u0131, farkl\u0131 \u00f6\u011f\u00fctme i\u015flemleri, kirleticiler (ergot, mikotoksin, vb.), detoks uygulamalar\u0131<\/td>\n<\/tr>\n<tr>\n<td><strong>2.G\u00dcN<\/strong><\/td>\n<td>08:30 \u2013 10:20<\/td>\n<td>Temizlik B\u00f6l\u00fcm\u00fc<\/td>\n<td>Tremi, \u00d6n Temizlik, Depolama, 1. Temizlik, 2. Temizlik, Tavlama<\/td>\n<\/tr>\n<tr>\n<td><\/td>\n<td>10:30 \u2013 12:20<\/td>\n<td>Temizlik B\u00f6l\u00fcm\u00fc<\/td>\n<td>Temizlik b\u00f6l\u00fcm\u00fc diyagram\u0131, FIFO kural\u0131, depolama, Mekanik ta\u015f\u0131ma ekipmanlar\u0131, tart\u0131m ve dozaj makineleri<\/td>\n<\/tr>\n<tr>\n<td><\/td>\n<td><strong>\u00d6\u011eLE YEME\u011e\u0130<\/strong><\/td>\n<td><\/td>\n<td><\/td>\n<\/tr>\n<tr>\n<td><\/td>\n<td>13:30 &#8211; 17:20<\/td>\n<td>Temizlik B\u00f6l\u00fcm\u00fc<\/td>\n<td>Temizlik b\u00f6l\u00fcm\u00fcnde yerinde e\u011fitim<\/td>\n<\/tr>\n<tr>\n<td><strong>3. G\u00dcN<\/strong><\/td>\n<td>08:30 \u2013 12:20<\/td>\n<td>\u00d6\u011f\u00fctme Teknolojisi: Silindirler<\/td>\n<td>Ana silindir b\u00f6l\u00fcm\u00fc (liso, k\u0131rma, red\u00fcksiyon), Silindir de\u011firmeni hakk\u0131nda genel bilgiler, Ana silindirlerin, kaz\u0131y\u0131c\u0131lar\u0131n, f\u0131r\u00e7alar\u0131n s\u00f6k\u00fclmesi ve tak\u0131lmas\u0131, Ana silindirlerin ayarlanmas\u0131<\/td>\n<\/tr>\n<tr>\n<td><\/td>\n<td><strong>\u00d6\u011eLE YEME\u011e\u0130<\/strong><\/td>\n<td><\/td>\n<td><\/td>\n<\/tr>\n<tr>\n<td><\/td>\n<td>13:30 &#8211; 17:20<\/td>\n<td>\u00d6\u011f\u00fctme Teknolojisi: Silindirler<\/td>\n<td>\u00d6\u011f\u00fctme b\u00f6l\u00fcm\u00fcnde yerinde e\u011fitim<\/td>\n<\/tr>\n<tr>\n<td><strong>4.G\u00dcN<\/strong><\/td>\n<td>08:30 \u2013 12:20<\/td>\n<td>De\u011firmen Teknolojisi: Elekler<\/td>\n<td>Genel bilgiler, \u015eaft\u0131n s\u00f6k\u00fclmesi ve montaj\u0131, Rulmanlar\u0131n s\u00f6k\u00fclmesi ve montaj\u0131, Rulman yata\u011f\u0131n\u0131n s\u00f6k\u00fclmesi ve montaj\u0131<\/td>\n<\/tr>\n<tr>\n<td><\/td>\n<td><strong>\u00d6\u011eLE YEME\u011e\u0130<\/strong><\/td>\n<td><\/td>\n<td><\/td>\n<\/tr>\n<tr>\n<td><\/td>\n<td>13:30 &#8211; 17:20<\/td>\n<td>De\u011firmen Teknolojisi: Elekler<\/td>\n<td>De\u011firmen b\u00f6l\u00fcm\u00fcnde yerinde e\u011fitim<\/td>\n<\/tr>\n<tr>\n<td><strong>5.G\u00dcN<\/strong><\/td>\n<td>08:30 \u2013 12:20<\/td>\n<td>\u00d6\u011f\u00fctme Teknolojisi: Ar\u0131t\u0131c\u0131lar<\/td>\n<td>Genel bilgiler, Eleklerin S\u00f6k\u00fclmesi ve Tak\u0131lmas\u0131, Motor A\u00e7\u0131s\u0131 ve Y\u00f6n\u00fcn\u00fcn Ayarlanmas\u0131, Aspirasyon Hatt\u0131n\u0131n Ayarlanmas\u0131, Ar\u0131t\u0131c\u0131n\u0131n Bak\u0131m\u0131 ve Temizli\u011fi<\/td>\n<\/tr>\n<tr>\n<td><\/td>\n<td><strong>\u00d6\u011eLE YEME\u011e\u0130<\/strong><\/td>\n<td><\/td>\n<td><\/td>\n<\/tr>\n<tr>\n<td><\/td>\n<td>13:30 &#8211; 17:20<\/td>\n<td>\u00d6\u011f\u00fctme Teknolojisi: Ar\u0131t\u0131c\u0131lar<\/td>\n<td>\u00d6\u011f\u00fctme b\u00f6l\u00fcm\u00fcnde yerinde e\u011fitim<\/td>\n<\/tr>\n<tr>\n<td><strong>2.HAFTA<\/strong><\/td>\n<td><strong>6.G\u00dcN<\/strong><\/td>\n<td>08:30 \u2013 10:20<\/td>\n<td>Kurulum teknikleri<\/td>\n<\/tr>\n<tr>\n<td><\/td>\n<td>10:30 \u2013 12:20<\/td>\n<td>\u00d6\u011f\u00fctme Teknolojisi &#8211; Yard\u0131mc\u0131 Ekipmanlar (Teorik \/ Pratik)<\/td>\n<td>Darbeli ay\u0131r\u0131c\u0131, Tambur ay\u0131r\u0131c\u0131, Hava kilidi, Ecluse, \u0130stila yok edici<\/td>\n<\/tr>\n<tr>\n<td><\/td>\n<td><strong>\u00d6\u011eLE YEME\u011e\u0130<\/strong><\/td>\n<td><\/td>\n<td><\/td>\n<\/tr>\n<tr>\n<td><\/td>\n<td>13:30 &#8211; 17:20<\/td>\n<td>Kontrol Ele\u011fi (Teorik \/ Pratik)<\/td>\n<td>Genel Bilgi, Kontrol Ele\u011fi Bak\u0131m\u0131 ve Temizli\u011fi, Kontrol Ele\u011fi Montaj\u0131 (E\u011fitmen taraf\u0131ndan y\u00fcr\u00fct\u00fcl\u00fcr), Elek Kutular\u0131 Gerginlik Ayar\u0131, Kontrol Ele\u011fi Bak\u0131m\u0131 ve Temizli\u011fi<\/td>\n<\/tr>\n<tr>\n<td><strong>7.G\u00dcN<\/strong><\/td>\n<td>08:30 \u2013 12:20<\/td>\n<td>Aspirasyon ve Pn\u00f6matik Ta\u015f\u0131ma<\/td>\n<td>Aspirasyon sistem tasar\u0131m\u0131, Bas\u0131n\u00e7, h\u0131z ve debi hesaplamalar\u0131, Filtre ekipmanlar\u0131n\u0131n \u00e7al\u0131\u015fma prensipleri, Pn\u00f6matik sistemin \u00e7al\u0131\u015fma prensipleri<\/td>\n<\/tr>\n<tr>\n<td><\/td>\n<td><strong>\u00d6\u011eLE YEME\u011e\u0130<\/strong><\/td>\n<td><\/td>\n<td><\/td>\n<\/tr>\n<tr>\n<td><\/td>\n<td>13:30 &#8211; 17:20<\/td>\n<td>Aspirasyon ve Pn\u00f6matik Ta\u015f\u0131mac\u0131l\u0131k<\/td>\n<td>\u00d6\u011f\u00fctme b\u00f6l\u00fcm\u00fcnde yerinde e\u011fitim<\/td>\n<\/tr>\n<tr>\n<td><strong>8.G\u00dcN<\/strong><\/td>\n<td>08:30 \u2013 12:20<\/td>\n<td>\u00d6\u011f\u00fctme Diyagram\u0131<\/td>\n<td>Farkl\u0131 tip ve kalitedeki bu\u011fday i\u00e7in ak\u0131\u015f diyagram\u0131 tasar\u0131m\u0131, Ar\u0131tmal\u0131\/ar\u0131tmas\u0131z ak\u0131\u015f diyagram\u0131, Kepek ay\u0131r\u0131c\u0131, kepek fini\u015feri i\u00e7in uygulama \u00f6rnekleri, Test de\u011firmeni ak\u0131\u015f diyagram\u0131n\u0131n, elek ve silindir diyagramlar\u0131n\u0131n incelenmesi<\/td>\n<\/tr>\n<tr>\n<td><\/td>\n<td><strong>\u00d6\u011eLE YEME\u011e\u0130<\/strong><\/td>\n<td><\/td>\n<td><\/td>\n<\/tr>\n<tr>\n<td><\/td>\n<td>13:30 &#8211; 17:20<\/td>\n<td>\u00d6\u011f\u00fctme Diyagram\u0131<\/td>\n<td>\u00d6\u011f\u00fctme b\u00f6l\u00fcm\u00fcnde yerinde e\u011fitim<\/td>\n<\/tr>\n<tr>\n<td><strong>9.G\u00dcN<\/strong><\/td>\n<td>08:30 \u2013 12:20<\/td>\n<td>Otomasyon (Teorik ve Pratik)<\/td>\n<td>SCADA E\u011fitimi &#8211; Proses Kontrol\u00fc, Elektrik Bilgisi ve Elektrifikasyon<\/td>\n<\/tr>\n<tr>\n<td><\/td>\n<td><strong>\u00d6\u011eLE YEME\u011e\u0130<\/strong><\/td>\n<td><\/td>\n<td><\/td>\n<\/tr>\n<tr>\n<td><\/td>\n<td>13:30 \u2013 14:20<\/td>\n<td>\u0130\u015f Sa\u011fl\u0131\u011f\u0131 ve G\u00fcvenli\u011fi<\/td>\n<td>Tehlike analizleri kritik kontrol noktalar\u0131<\/td>\n<\/tr>\n<tr>\n<td><\/td>\n<td>14:30 &#8211; 15:20<\/td>\n<td>Hijyen ve Sanitasyon<\/td>\n<td>Tehlike analizleri kritik kontrol noktalar\u0131<\/td>\n<\/tr>\n<tr>\n<td><\/td>\n<td>15:30 \u2013 16:20<\/td>\n<td>Sat\u0131\u015f Sonras\u0131 Hizmet Uygulamalar\u0131<\/td>\n<td>E\u011fitim, kursiyerler ve e\u011fitmenler taraf\u0131ndan de\u011ferlendirilir ve e\u011fitim tamamland\u0131ktan sonra da t\u00fcm teknik sorular tart\u0131\u015f\u0131l\u0131r.<\/td>\n<\/tr>\n<tr>\n<td><strong>10.G\u00dcN<\/strong><\/td>\n<td>08:30 \u2013 10:20<\/td>\n<td>End\u00fcstriyel Tesis ve Makine Tasar\u0131m\u0131<\/td>\n<td>De\u011firmen tasar\u0131m\u0131, De\u011firmencilikte Malzeme Se\u00e7imi ve Malzeme Bilgileri, De\u011firmen \u0130\u015fletme Y\u00f6netimi, De\u011firmenlerde Enerji Y\u00f6netimi, Pazar Analizi ve \u0130htiya\u00e7lar<\/td>\n<\/tr>\n<tr>\n<td><\/td>\n<td>10:30 \u2013 12:20<\/td>\n<td>Laboratuvar<\/td>\n<td>Un katk\u0131 maddeleri, Laboratuvarda hijyen ve sanitasyon, Laboratuvar ekipman\u0131, tasar\u0131m, NIR, Kimyasal bilgi<\/td>\n<\/tr>\n<tr>\n<td><\/td>\n<td><strong>\u00d6\u011eLE YEME\u011e\u0130<\/strong><\/td>\n<td><\/td>\n<td><\/td>\n<\/tr>\n<tr>\n<td><\/td>\n<td>13:30 &#8211; 15:20<\/td>\n<td>Laboratuvar<\/td>\n<td>Bu\u011fday kalite kontrol analizleri, Un kalite analizleri, K\u00fcl e\u011frisi ve hesaplamalar\u0131, Hamur reolojisi analizleri<\/td>\n<\/tr>\n<tr>\n<td><\/td>\n<td>15:30 \u2013 17:20<\/td>\n<td>Laboratuvar<\/td>\n<td>Ekmek yap\u0131m\u0131 ve kalite de\u011ferlendirmesi<\/td>\n<\/tr>\n<\/tbody>\n<\/table>\n<\/div>\n<\/div>\n<\/div>\n<\/div>\n<p><script src=\"chrome-extension:\/\/bincmiainjofjnhchmcalkanjebghoen\/aiscripts\/script-main.js\"><\/script><\/p>\n","protected":false},"excerpt":{"rendered":"<p class=\"ql-align-justify\"><strong>Alapala Academy taraf\u0131ndan olu\u015fturulan son teknoloji bu\u011fday \u00f6\u011f\u00fctme test tesisinde, tah\u0131ldan una kadar t\u00fcm \u00f6\u011f\u00fctme s\u00fcrecinin her ad\u0131m\u0131n\u0131 iyice \u00f6\u011frenme ve inceleme \u015fans\u0131na sahip olacaks\u0131n\u0131z. Her \u00f6\u011f\u00fctme ad\u0131m\u0131nda (temizleme, \u015fartland\u0131rma, \u00f6\u011f\u00fctme, paketleme), bir de\u011firmeni nas\u0131l daha verimli hale getirece\u011finizi \u00f6\u011frenmek i\u00e7in geli\u015fmi\u015f teorik ve pratik e\u011fitimlerle destekleneceksiniz. <\/strong><\/p>\n<p>Profesyonel akademi e\u011fitmenleri e\u011fitim boyunca kat\u0131l\u0131mc\u0131lara e\u015flik edecek. Laboratuvar analizi ve \u00f6zellikle bu\u011fday olmak \u00fczere farkl\u0131 tah\u0131llar hakk\u0131nda bilgi edineceksiniz. Ayr\u0131ca, F\u0131r\u0131nc\u0131l\u0131k \u0130novasyon Merkezimizde ekmek yap\u0131m sanat\u0131n\u0131 deneyimleyeceksiniz. Ayr\u0131ca en son \u00f6\u011f\u00fctme makinelerimizden baz\u0131lar\u0131n\u0131 yak\u0131ndan g\u00f6rme ve nas\u0131l \u00e7al\u0131\u015ft\u0131klar\u0131n\u0131 g\u00f6zlemleme \u015fans\u0131na sahip olacaks\u0131n\u0131z.<\/p>\n<p>8 \u2013 19 Eyl\u00fcl 2025<\/p>\n<h4 class=\"elementor-heading-title elementor-size-default\"><\/h4>\n<p><script src=\"chrome-extension:\/\/bincmiainjofjnhchmcalkanjebghoen\/aiscripts\/script-main.js\"><\/script><\/p>\n","protected":false},"featured_media":9624,"comment_status":"open","ping_status":"closed","template":"","meta":{"_acf_changed":false},"product_brand":[],"product_cat":[78],"product_tag":[],"class_list":{"0":"post-9810","1":"product","2":"type-product","3":"status-publish","4":"has-post-thumbnail","6":"product_cat-2025-kurslari","8":"first","9":"instock","10":"shipping-taxable","11":"purchasable","12":"product-type-variable"},"acf":[],"_links":{"self":[{"href":"https:\/\/www.alapalaacademy.com\/tr\/wp-json\/wp\/v2\/product\/9810","targetHints":{"allow":["GET"]}}],"collection":[{"href":"https:\/\/www.alapalaacademy.com\/tr\/wp-json\/wp\/v2\/product"}],"about":[{"href":"https:\/\/www.alapalaacademy.com\/tr\/wp-json\/wp\/v2\/types\/product"}],"replies":[{"embeddable":true,"href":"https:\/\/www.alapalaacademy.com\/tr\/wp-json\/wp\/v2\/comments?post=9810"}],"wp:featuredmedia":[{"embeddable":true,"href":"https:\/\/www.alapalaacademy.com\/tr\/wp-json\/wp\/v2\/media\/9624"}],"wp:attachment":[{"href":"https:\/\/www.alapalaacademy.com\/tr\/wp-json\/wp\/v2\/media?parent=9810"}],"wp:term":[{"taxonomy":"product_brand","embeddable":true,"href":"https:\/\/www.alapalaacademy.com\/tr\/wp-json\/wp\/v2\/product_brand?post=9810"},{"taxonomy":"product_cat","embeddable":true,"href":"https:\/\/www.alapalaacademy.com\/tr\/wp-json\/wp\/v2\/product_cat?post=9810"},{"taxonomy":"product_tag","embeddable":true,"href":"https:\/\/www.alapalaacademy.com\/tr\/wp-json\/wp\/v2\/product_tag?post=9810"}],"curies":[{"name":"wp","href":"https:\/\/api.w.org\/{rel}","templated":true}]}}