{"id":9807,"date":"2024-09-05T12:30:30","date_gmt":"2024-09-05T09:30:30","guid":{"rendered":"https:\/\/www.alapalaacademy.com\/urun\/elektrik-ve-otomasyon\/"},"modified":"2026-04-19T14:30:46","modified_gmt":"2026-04-19T11:30:46","slug":"elektrik-bakimi-ve-otomasyon-egitimi","status":"publish","type":"product","link":"https:\/\/www.alapalaacademy.com\/tr\/urun\/elektrik-bakimi-ve-otomasyon-egitimi\/","title":{"rendered":"Elektrik Bak\u0131m\u0131 ve Otomasyon E\u011fitimi"},"content":{"rendered":"<table width=\"738\">\n<tbody>\n<tr>\n<td width=\"86\"><strong>\u00a0<\/strong><\/td>\n<td colspan=\"3\" width=\"652\"><strong>Elektrik Bak\u0131m\u0131 ve Otomasyon E\u011fitim Program\u0131<\/strong><\/td>\n<\/tr>\n<tr>\n<td width=\"86\"><strong>HAFTA 1<\/strong><\/td>\n<td width=\"113\"><strong>\u00a0<\/strong><\/td>\n<td width=\"51\"><strong>T \/ U<\/strong><\/td>\n<td width=\"489\"><strong>Konu<\/strong><\/td>\n<\/tr>\n<tr>\n<td rowspan=\"4\" width=\"86\"><strong>Pazartesi <\/strong><\/td>\n<td width=\"113\">08:30 \u2013 12:20<\/td>\n<td width=\"51\">2 \/ 2<\/td>\n<td width=\"489\"><strong>Alapala Makine Bilgilendirme E\u011fitimi <\/strong><\/p>\n<p>Akademi E\u011fitim program\u0131n\u0131n tan\u0131t\u0131m\u0131<\/p>\n<p>Fabrika ziyareti, test de\u011firmeni ziyareti<\/td>\n<\/tr>\n<tr>\n<td colspan=\"3\" width=\"652\"><strong>\u00d6\u011fle aras\u0131<\/strong><\/td>\n<\/tr>\n<tr>\n<td width=\"113\">13:30 &#8211; 15:20<\/td>\n<td width=\"51\">2 \/ 0<\/td>\n<td width=\"489\"><strong>De\u011firmen Makinelerinin Bak\u0131m\u0131na Genel Bak\u0131\u015f<\/strong><\/p>\n<p>Genel bak\u0131\u015f, Elektrik panosu bile\u015fenleri<\/td>\n<\/tr>\n<tr>\n<td width=\"113\">15:30 \u2013 17:20<\/td>\n<td width=\"51\">2 \/ 0<\/td>\n<td width=\"489\"><strong>Tart\u0131m ve dozajlama \u00fcniteleri elektrik bak\u0131m\u0131<\/strong><\/p>\n<p>Standart lokal kontrol \u00fcniteleri, tart\u0131m ve dozajlama \u00fcniteleri, flowbalancer<\/td>\n<\/tr>\n<tr>\n<td rowspan=\"5\" width=\"86\"><strong>Sal\u0131<\/strong><\/td>\n<td width=\"113\">08:30 \u2013 10:20<\/td>\n<td width=\"51\">0 \/ 2<\/td>\n<td width=\"489\"><strong>Fabrika ortam\u0131nda uygulamal\u0131 e\u011fitim<\/strong><\/p>\n<p>Tart\u0131m ve dozajlama \u00fcniteleri<\/td>\n<\/tr>\n<tr>\n<td width=\"113\">10:30 \u2013 12:20<\/td>\n<td width=\"51\">2 \/ 0<\/td>\n<td width=\"489\"><strong>Otomatik nem kontrol sistemleri<\/strong><\/td>\n<\/tr>\n<tr>\n<td colspan=\"3\" width=\"652\"><strong>\u00d6\u011fle aras\u0131<\/strong><\/td>\n<\/tr>\n<tr>\n<td width=\"113\">13:30 \u2013 15:20<\/td>\n<td width=\"51\">2 \/ 0<\/td>\n<td width=\"489\"><strong>Sens\u00f6rler, filtre kontrol \u00fcniteleri<\/strong><\/td>\n<\/tr>\n<tr>\n<td width=\"113\">15:30 \u2013 17:20<\/td>\n<td width=\"51\">2 \/ 0<\/td>\n<td width=\"489\"><strong>Elektrik motor bak\u0131m\u0131<\/strong><\/td>\n<\/tr>\n<tr>\n<td rowspan=\"4\" width=\"86\"><strong>\u00c7ar\u015famba<\/strong><\/td>\n<td width=\"113\">08:30 \u2013 12:20<\/td>\n<td width=\"51\">2 \/ 2<\/td>\n<td width=\"489\"><strong>Vals kontrol \u00fcniteleri<\/strong><\/p>\n<p>Elektrik projeleri, otomatik vals bo\u015fluk ayarlar\u0131, frekans konvert\u00f6rleri<\/p>\n<p>Fabrika ortam\u0131nda uygulamal\u0131 e\u011fitim<\/td>\n<\/tr>\n<tr>\n<td colspan=\"3\" width=\"652\"><strong>\u00d6\u011fle aras\u0131<\/strong><\/td>\n<\/tr>\n<tr>\n<td width=\"113\">13:30 \u2013 15:20<\/td>\n<td width=\"51\">2 \/ 0<\/td>\n<td width=\"489\"><strong>Online kontrol ve y\u00f6netim sistemleri <\/strong><\/p>\n<p>On-Line NIR \u00f6l\u00e7\u00fcm sistemleri, verim hesaplama<\/p>\n<p>&nbsp;<\/td>\n<\/tr>\n<tr>\n<td width=\"113\">15:30 \u2013 17:20<\/td>\n<td width=\"51\">1 \/ 1<\/td>\n<td width=\"489\"><strong>Sat\u0131\u015f sonras\u0131 hizmet uygulamalar\u0131<\/strong><\/p>\n<p>ALACARTE ve DIOS uygulamalar\u0131<\/td>\n<\/tr>\n<\/tbody>\n<\/table>\n<p>&nbsp;<\/p>\n<p>&nbsp;<\/p>\n<p>&nbsp;<\/p>\n<table width=\"738\">\n<tbody>\n<tr>\n<td width=\"86\"><strong>HAFTA 1<\/strong><\/td>\n<td width=\"113\"><strong>\u00a0<\/strong><\/td>\n<td width=\"51\"><strong>T \/ U<\/strong><\/td>\n<td width=\"489\"><strong>Konu<\/strong><\/td>\n<\/tr>\n<tr>\n<td rowspan=\"3\" width=\"86\"><strong>Per\u015fembe<\/strong><\/td>\n<td width=\"113\">08:30 \u2013 12:20<\/td>\n<td width=\"51\">4 \/ 0<\/td>\n<td width=\"489\"><strong>Otomasyon<\/strong><\/p>\n<p>Proje dizayn\u0131, proses kontrol, verim kontrol, enerji t\u00fcketimi, bak\u0131m<\/p>\n<p>MCC ekipmanlar\u0131<\/td>\n<\/tr>\n<tr>\n<td colspan=\"3\" width=\"652\"><strong>\u00d6\u011fle aras\u0131<\/strong><\/td>\n<\/tr>\n<tr>\n<td width=\"113\">13:30 \u2013 17:20<\/td>\n<td width=\"51\">4 \/ 0<\/td>\n<td width=\"489\"><strong>Otomasyon<\/strong><\/p>\n<p>PLC \u2013 Scada<\/td>\n<\/tr>\n<tr>\n<td rowspan=\"4\" width=\"86\"><strong>Cuma<\/strong><\/td>\n<td width=\"113\">08:30 \u2013 12:20<\/td>\n<td width=\"51\">0 \/ 4<\/td>\n<td width=\"489\"><strong>Fabrika ortam\u0131nda uygulamal\u0131 e\u011fitim<\/strong><\/p>\n<p>PLC \u2013 Scada<\/td>\n<\/tr>\n<tr>\n<td colspan=\"3\" width=\"652\"><strong>\u00d6\u011fle aras\u0131<\/strong><\/td>\n<\/tr>\n<tr>\n<td width=\"113\">13:30 \u2013 16:20<\/td>\n<td width=\"51\">3 \/ 0<\/td>\n<td width=\"489\">Otomasyon sisteminde d\u00f6k\u00fcmantasyom<\/p>\n<p>Kontrol sistemlerinde bak\u0131m organizasyonu<\/p>\n<p>Yedek par\u00e7a y\u00f6netimi<\/td>\n<\/tr>\n<tr>\n<td width=\"113\">16:30 \u2013 17:20<\/td>\n<td width=\"51\">1 \/ 0<\/td>\n<td width=\"489\"><strong>Final tart\u0131\u015fma ve kapan\u0131\u015f<\/strong><\/td>\n<\/tr>\n<\/tbody>\n<\/table>\n<p>&nbsp;<\/p>\n<p>&nbsp;<\/p>\n<p>&nbsp;<\/p>\n<table width=\"871\">\n<tbody>\n<tr>\n<td width=\"86\"><strong>HAFTA 2<\/strong><\/td>\n<td width=\"113\"><strong>\u00a0<\/strong><\/td>\n<td width=\"51\"><strong>T \/ U<\/strong><\/td>\n<td width=\"505\"><strong>Konu<\/strong><\/td>\n<td width=\"117\"><strong>Ders Sorumlusu<\/strong><\/td>\n<\/tr>\n<tr>\n<td rowspan=\"3\" width=\"86\"><strong>Pazartesi<\/strong><\/td>\n<td width=\"113\">08:30 \u2013 12:20<\/td>\n<td width=\"51\">4 \/ 0<\/td>\n<td width=\"505\"><strong>Aspirasyon Hatt\u0131 ve Pn\u00f6matik Ta\u015f\u0131ma<\/strong><\/td>\n<td width=\"117\"><\/td>\n<\/tr>\n<tr>\n<td colspan=\"4\" width=\"785\"><strong>\u00d6\u011fle aras\u0131<\/strong><\/td>\n<\/tr>\n<tr>\n<td width=\"113\">13:30 \u2013 17:20<\/td>\n<td width=\"51\">2 \/ 2<\/td>\n<td width=\"505\"><strong>Test de\u011firmeni uygulamal\u0131 e\u011fitimi<\/strong><\/p>\n<p>Aspirasyon hatt\u0131, pn\u00f6matik ta\u015f\u0131ma, eleme sistemleri<\/td>\n<td width=\"117\"><\/td>\n<\/tr>\n<tr>\n<td colspan=\"5\" width=\"871\"><\/td>\n<\/tr>\n<tr>\n<td rowspan=\"5\" width=\"86\"><strong>Sal\u0131<\/strong><\/td>\n<td width=\"113\">08:30 \u2013 10:20<\/td>\n<td width=\"51\">2 \/ 0<\/td>\n<td width=\"505\"><strong>End\u00fcstriyel Tesis ve Makine Tasar\u0131m<\/strong><\/p>\n<p>De\u011firmen dizayn\u0131<\/td>\n<td width=\"117\"><\/td>\n<\/tr>\n<tr>\n<td width=\"113\">10:30 \u2013 12:20<\/td>\n<td width=\"51\">2 \/ 0<\/td>\n<td width=\"505\"><strong>De\u011firmencilikte Malzeme Se\u00e7imi ve Malzeme Bilgisi<\/strong><\/td>\n<td width=\"117\"><\/td>\n<\/tr>\n<tr>\n<td colspan=\"4\" width=\"785\"><strong>\u00d6\u011fle aras\u0131<\/strong><\/td>\n<\/tr>\n<tr>\n<td width=\"113\">13:30 \u2013 14:20<\/td>\n<td width=\"51\">1 \/ 0<\/td>\n<td width=\"505\"><strong>De\u011firmen \u0130\u015fletme Y\u00f6netimi<\/strong><\/td>\n<td width=\"117\"><\/td>\n<\/tr>\n<tr>\n<td width=\"113\">14:30 \u2013 17:20<\/td>\n<td width=\"51\">3 \/ 0<\/td>\n<td width=\"505\"><strong>De\u011firmenlerde Enerji Y\u00f6netimi<\/strong><\/td>\n<td width=\"117\"><\/td>\n<\/tr>\n<tr>\n<td colspan=\"5\" width=\"871\"><\/td>\n<\/tr>\n<tr>\n<td rowspan=\"4\" width=\"86\"><strong>\u00c7ar\u015famba<\/strong><\/td>\n<td width=\"113\">08:30 \u2013 10:20<\/td>\n<td width=\"51\">2 \/ 0<\/td>\n<td width=\"505\"><strong>Pazar Analizi ve \u0130htiya\u00e7lar\u0131<\/strong><\/td>\n<td width=\"117\"><\/td>\n<\/tr>\n<tr>\n<td width=\"113\">10:30 \u2013 12:20<\/td>\n<td width=\"51\">2 \/ 0<\/td>\n<td width=\"505\"><strong>Un Katk\u0131 Maddeleri<\/strong><\/p>\n<p>Un katk\u0131 maddeleri \u00f6zelikleri ve etki mekanizmalar\u0131<\/p>\n<p>Yasal kullan\u0131m oranlar\u0131<\/td>\n<td width=\"117\"><\/td>\n<\/tr>\n<tr>\n<td colspan=\"4\" width=\"785\"><strong>\u00d6\u011fle aras\u0131<\/strong><\/td>\n<\/tr>\n<tr>\n<td width=\"113\">13:30 \u2013 17:20<\/td>\n<td width=\"51\">4 \/ 0<\/td>\n<td width=\"505\"><strong>De\u011firmencilikte Kullan\u0131lan Sarf Malzemeler ve Sat\u0131\u015f Sonras\u0131 Hizmet Uygulamalar\u0131<\/strong><\/td>\n<td width=\"117\"><\/td>\n<\/tr>\n<tr>\n<td width=\"86\"><\/td>\n<td width=\"113\"><\/td>\n<td width=\"51\"><\/td>\n<td width=\"505\"><\/td>\n<td width=\"117\"><\/td>\n<\/tr>\n<tr>\n<td rowspan=\"3\" width=\"86\"><strong>Per\u015fembe<\/strong><\/td>\n<td width=\"113\">08:30 \u2013 12:20<\/td>\n<td width=\"51\">3 \/ 1<\/td>\n<td width=\"505\"><strong>De\u011firmen Makinalar\u0131, \u00d6zellikleri ve \u00c7al\u0131\u015fma Prensipleri<\/strong><\/p>\n<p>Paketleme \u00fcnitesi ak\u0131\u015f \u015femas\u0131<\/p>\n<p>Paketleme ekipmanlar\u0131 ve \u00e7al\u0131\u015fma prensipleri<\/td>\n<td width=\"117\"><\/td>\n<\/tr>\n<tr>\n<td colspan=\"4\" width=\"785\"><strong>\u00d6\u011fle aras\u0131<\/strong><\/td>\n<\/tr>\n<tr>\n<td width=\"113\">13:30 \u2013 17:20<\/td>\n<td width=\"51\">0 \/ 4<\/td>\n<td width=\"505\"><strong>Laboratuvar Teknikleri I<\/strong><\/p>\n<p>Laboratuvar i\u015f g\u00fcvenli\u011fi<\/p>\n<p>Hijyen ve sanitasyon uygulamalar\u0131<\/p>\n<p>Laboratuvar ekipmanlar\u0131<\/p>\n<p>Laboratuvar dizayn\u0131<\/p>\n<p>S\u00fcrekli NIR \u00f6l\u00e7\u00fcm sistemi<\/p>\n<p>Kimyasal madde bilgisi<\/td>\n<td width=\"117\"><\/td>\n<\/tr>\n<\/tbody>\n<\/table>\n<p>&nbsp;<\/p>\n<p>&nbsp;<\/p>\n<table width=\"871\">\n<tbody>\n<tr>\n<td width=\"86\"><strong>HAFTA 2<\/strong><\/td>\n<td width=\"113\"><strong>\u00a0<\/strong><\/td>\n<td width=\"51\"><strong>T \/ U<\/strong><\/td>\n<td width=\"505\"><strong>Konu<\/strong><\/td>\n<td width=\"117\"><strong>Ders Sorumlusu<\/strong><\/td>\n<\/tr>\n<tr>\n<td rowspan=\"3\" width=\"86\"><strong>Cuma<\/strong><\/td>\n<td width=\"113\">08:30 \u2013 12:20<\/td>\n<td width=\"51\">0 \/ 4<\/td>\n<td width=\"505\"><strong>Laboratuvar Teknikleri II<\/strong><\/p>\n<p>Un analizleri (Kimyasal ve reolojik analizler)<\/p>\n<p>Sonu\u00e7lar\u0131n yorumlanmas\u0131<\/td>\n<td width=\"117\"><\/td>\n<\/tr>\n<tr>\n<td colspan=\"4\" width=\"785\"><strong>\u00d6\u011fle aras\u0131<\/strong><\/td>\n<\/tr>\n<tr>\n<td width=\"113\">13:30 \u2013 17:20<\/td>\n<td width=\"51\">0 \/ 4<\/td>\n<td width=\"505\"><strong>Laboratuvar Teknikleri II<\/strong><\/p>\n<p>Hammadde i\u015fleme teknikleri (ekmek \u00fcretim y\u00f6ntemleri)<\/p>\n<p>Ekmek de\u011ferlendirme analizleri<\/p>\n<p>Sonu\u00e7lar\u0131n yorumlanmas\u0131<\/td>\n<td width=\"117\"><\/td>\n<\/tr>\n<tr>\n<td colspan=\"5\" width=\"871\"><strong>KAPANI\u015e &#8211; DE\u011eERLEND\u0130RME<\/strong><\/td>\n<\/tr>\n<\/tbody>\n<\/table>\n<p>&nbsp;<\/p>\n<p>&nbsp;<\/p>\n<p>&nbsp;<\/p>\n","protected":false},"excerpt":{"rendered":"<p><strong>Bu e\u011fitim program\u0131 ile, bu\u011fday \u00f6\u011f\u00fctme prosesindeki temel elektrik bak\u0131m\u0131 ve bile\u015fenleri ile online kontrol \u00fcnitelerini ve otomasyonu (PLC-Scada) kapsaml\u0131 bir \u015fekilde \u00f6\u011frenecek ve inceleyeceksiniz. <\/strong><\/p>\n<p>1 haftal\u0131k e\u011fitim s\u00fcrecinde verilen teorik e\u011fitimler konusunda uzman e\u011fitmenler e\u015fli\u011finde uygulamal\u0131 olarak desteklenecek. Ayr\u0131ca en yeni makinelerimizden baz\u0131lar\u0131n\u0131 yak\u0131ndan g\u00f6rme ve nas\u0131l \u00e7al\u0131\u015ft\u0131klar\u0131n\u0131 g\u00f6zlemleme \u015fans\u0131na sahip olacaks\u0131n\u0131z.<\/p>\n<p>16 \u2013 20 Haziran 2025<br \/>\n10 \u2013 14 Kas\u0131m 2025<\/p>\n","protected":false},"featured_media":9616,"comment_status":"open","ping_status":"closed","template":"","meta":{"_acf_changed":false},"product_brand":[],"product_cat":[78],"product_tag":[],"class_list":{"0":"post-9807","1":"product","2":"type-product","3":"status-publish","4":"has-post-thumbnail","6":"product_cat-2025-kurslari","8":"first","9":"instock","10":"shipping-taxable","11":"purchasable","12":"product-type-variable"},"acf":[],"_links":{"self":[{"href":"https:\/\/www.alapalaacademy.com\/tr\/wp-json\/wp\/v2\/product\/9807","targetHints":{"allow":["GET"]}}],"collection":[{"href":"https:\/\/www.alapalaacademy.com\/tr\/wp-json\/wp\/v2\/product"}],"about":[{"href":"https:\/\/www.alapalaacademy.com\/tr\/wp-json\/wp\/v2\/types\/product"}],"replies":[{"embeddable":true,"href":"https:\/\/www.alapalaacademy.com\/tr\/wp-json\/wp\/v2\/comments?post=9807"}],"wp:featuredmedia":[{"embeddable":true,"href":"https:\/\/www.alapalaacademy.com\/tr\/wp-json\/wp\/v2\/media\/9616"}],"wp:attachment":[{"href":"https:\/\/www.alapalaacademy.com\/tr\/wp-json\/wp\/v2\/media?parent=9807"}],"wp:term":[{"taxonomy":"product_brand","embeddable":true,"href":"https:\/\/www.alapalaacademy.com\/tr\/wp-json\/wp\/v2\/product_brand?post=9807"},{"taxonomy":"product_cat","embeddable":true,"href":"https:\/\/www.alapalaacademy.com\/tr\/wp-json\/wp\/v2\/product_cat?post=9807"},{"taxonomy":"product_tag","embeddable":true,"href":"https:\/\/www.alapalaacademy.com\/tr\/wp-json\/wp\/v2\/product_tag?post=9807"}],"curies":[{"name":"wp","href":"https:\/\/api.w.org\/{rel}","templated":true}]}}