{"id":9804,"date":"2024-09-05T12:10:47","date_gmt":"2024-09-05T09:10:47","guid":{"rendered":"https:\/\/www.alapalaacademy.com\/urun\/shift-miller-yardimci-usta\/"},"modified":"2025-05-28T17:17:24","modified_gmt":"2025-05-28T14:17:24","slug":"yardimci-degirmenci-egitimi","status":"publish","type":"product","link":"https:\/\/www.alapalaacademy.com\/tr\/urun\/yardimci-degirmenci-egitimi\/","title":{"rendered":"Yard\u0131mc\u0131 De\u011firmenci E\u011fitimi"},"content":{"rendered":"<div id=\"ag-1737544636398\"><\/div>\n<div class=\"flex max-w-full flex-col flex-grow\">\n<div class=\"min-h-[20px] text-message flex w-full flex-col items-end gap-2 break-words [.text-message+&amp;]:mt-5 overflow-x-auto whitespace-normal\" dir=\"auto\" data-message-author-role=\"assistant\" data-message-id=\"4698585b-332f-4f95-a3c7-c238a456927c\">\n<div class=\"flex w-full flex-col gap-1 empty:hidden first:pt-[3px]\">\n<div class=\"markdown prose w-full break-words dark:prose-invert light\">\n<table>\n<thead>\n<tr>\n<th><strong>1. HAFTA<\/strong><\/th>\n<th><strong>ZAMAN<\/strong><\/th>\n<th><strong>KURSLAR<\/strong><\/th>\n<th><strong>DETAYLAR<\/strong><\/th>\n<\/tr>\n<\/thead>\n<tbody>\n<tr>\n<td><strong>1. G\u00fcn<\/strong><\/td>\n<td>08:30 \u2013 10:20<\/td>\n<td>Oryantasyon<\/td>\n<td>Alapala Akademiye giri\u015f, Alapala Fabrikas\u0131 teknik turu, Alapala De\u011firmeni teknik turu<\/td>\n<\/tr>\n<tr>\n<td><\/td>\n<td>10:30 \u2013 12:20<\/td>\n<td>\u00d6\u011f\u00fctme \u0130\u015flemi<\/td>\n<td>Ak\u0131\u015f diyagram\u0131 \u00fczerinden bu\u011fday \u00f6\u011f\u00fctme i\u015flemine giri\u015f<\/td>\n<\/tr>\n<tr>\n<td><\/td>\n<td><strong>\u00d6\u011eLE YEME\u011e\u0130<\/strong><\/td>\n<td><\/td>\n<td><\/td>\n<\/tr>\n<tr>\n<td><\/td>\n<td>13:30 &#8211; 15:20<\/td>\n<td>De\u011firmencilikte Tah\u0131llar<\/td>\n<td>Tah\u0131l kimyas\u0131, Tah\u0131llar: M\u0131s\u0131r, pirin\u00e7, bu\u011fday, arpa, yulaf, \u00e7avdar, sorgum vb.<\/td>\n<\/tr>\n<tr>\n<td><\/td>\n<td>15:30 \u2013 16:20<\/td>\n<td>Depolama<\/td>\n<td>G\u00fcvenli depolama, toz patlamalar\u0131, b\u00f6cek bula\u015fma riskleri, pestisit uygulamalar\u0131 vb.<\/td>\n<\/tr>\n<tr>\n<td><\/td>\n<td>16:30 \u2013 17:20<\/td>\n<td>Hijyen ve Sanitasyon<\/td>\n<td>Tehlike analizleri kritik kontrol noktalar\u0131<\/td>\n<\/tr>\n<tr>\n<td><strong>2.G\u00dcN<\/strong><\/td>\n<td>08:30 \u2013 10:20<\/td>\n<td>\u00d6\u011f\u00fctme i\u015flemi b\u00f6l\u00fcmleri<\/td>\n<td>Tremi, \u00f6n temizleme, temizleme, depolama<\/td>\n<\/tr>\n<tr>\n<td><\/td>\n<td>10:30 \u2013 12:20<\/td>\n<td>\u00d6\u011f\u00fctme i\u015flemi<\/td>\n<td>Makineler, \u00e7al\u0131\u015fma prensipleri, \u00f6zellikleri, Mekanik ta\u015f\u0131ma ekipmanlar\u0131, Tart\u0131m ve dozaj makineleri<\/td>\n<\/tr>\n<tr>\n<td><\/td>\n<td><strong>\u00d6\u011eLE YEME\u011e\u0130<\/strong><\/td>\n<td><\/td>\n<td><\/td>\n<\/tr>\n<tr>\n<td><\/td>\n<td>13:30 &#8211; 15:20<\/td>\n<td>\u00d6\u011f\u00fctme i\u015flemi<\/td>\n<td>\u00d6\u011f\u00fctmede yerinde e\u011fitim<\/td>\n<\/tr>\n<tr>\n<td><\/td>\n<td>15:30 \u2013 17:20<\/td>\n<td>\u00d6\u011f\u00fctme i\u015flemi: Tavlama<\/td>\n<td>Teorik ve pratik e\u011fitim<\/td>\n<\/tr>\n<tr>\n<td><strong>3.G\u00dcN<\/strong><\/td>\n<td>08:30 \u2013 10:20<\/td>\n<td>Otomasyon<\/td>\n<td>Elektrik Bilgisi ve Elektrifikasyon<\/td>\n<\/tr>\n<tr>\n<td><\/td>\n<td>10:30 &#8211; 12:20<\/td>\n<td>Otomasyon<\/td>\n<td>SCADA E\u011fitimi &#8211; Proses Kontrol\u00fc<\/td>\n<\/tr>\n<tr>\n<td><\/td>\n<td><strong>\u00d6\u011eLE YEME\u011e\u0130<\/strong><\/td>\n<td><\/td>\n<td><\/td>\n<\/tr>\n<tr>\n<td><\/td>\n<td>13:30 \u2013 15:20<\/td>\n<td>\u00d6\u011f\u00fctme Teknolojisi &#8211; Yard\u0131mc\u0131 Ekipmanlar<\/td>\n<td>Darbeli ay\u0131r\u0131c\u0131, Tambur ay\u0131r\u0131c\u0131, Hava kilidi, Ecluse, \u0130stila yok edici<\/td>\n<\/tr>\n<tr>\n<td><\/td>\n<td>15:30 &#8211; 17:20<\/td>\n<td>\u00d6\u011f\u00fctme i\u015flemi (Teorik)<\/td>\n<td>Rulolar (Liso, k\u0131rma, red\u00fcksiyon), Elekler, Ar\u0131t\u0131c\u0131lar<\/td>\n<\/tr>\n<tr>\n<td><strong>4.G\u00dcN<\/strong><\/td>\n<td>08:30 \u2013 10:20<\/td>\n<td>\u00d6\u011f\u00fctme i\u015flemi (Uygulamal\u0131)<\/td>\n<td>Yerinde e\u011fitim<\/td>\n<\/tr>\n<tr>\n<td><\/td>\n<td>10:30 \u2013 12:20<\/td>\n<td>Aspirasyon ve Pn\u00f6matik Ta\u015f\u0131ma (Teorik)<\/td>\n<td>Aspirasyon sistem tasar\u0131m\u0131, Bas\u0131n\u00e7, h\u0131z ve debi hesaplamalar\u0131, Filtre ekipmanlar\u0131n\u0131n \u00e7al\u0131\u015fma prensipleri, Pn\u00f6matik sistemin \u00e7al\u0131\u015fma prensipleri<\/td>\n<\/tr>\n<tr>\n<td><\/td>\n<td><strong>\u00d6\u011eLE YEME\u011e\u0130<\/strong><\/td>\n<td><\/td>\n<td><\/td>\n<\/tr>\n<tr>\n<td><\/td>\n<td>13:30 &#8211; 17:20<\/td>\n<td>Aspirasyon ve Pn\u00f6matik Ta\u015f\u0131ma (Uygulamal\u0131)<\/td>\n<td>Yerinde e\u011fitim<\/td>\n<\/tr>\n<tr>\n<td><\/td>\n<td>13:30 &#8211; 17:20<\/td>\n<td>De\u011firmen Diyagram\u0131 (Teorik)<\/td>\n<td>Farkl\u0131 tip ve kalitedeki bu\u011fday i\u00e7in ak\u0131\u015f diyagram\u0131 tasar\u0131m\u0131, Ar\u0131tmal\u0131\/ar\u0131tmas\u0131z ak\u0131\u015f diyagram\u0131, Kepek ay\u0131r\u0131c\u0131, kepek fini\u015feri i\u00e7in uygulama \u00f6rnekleri, Test de\u011firmeni ak\u0131\u015f diyagram\u0131, elek ve silindir diyagramlar\u0131n\u0131n incelenmesi<\/td>\n<\/tr>\n<tr>\n<td><strong>DAY 5<\/strong><\/td>\n<td>08:30 \u2013 10:20<\/td>\n<td>Milling Diagram (Practical)<\/td>\n<td>On-site training<\/td>\n<\/tr>\n<tr>\n<td><\/td>\n<td>10:30 \u2013 12:20<\/td>\n<td>De\u011firmencilikte uygulamalar<\/td>\n<td>Un \u00e7\u0131karma oran\u0131, Ar\u0131tma, Eleme verimlili\u011finin optimizasyonu<\/td>\n<\/tr>\n<tr>\n<td><\/td>\n<td><strong>\u00d6\u011eLE YEME\u011e\u0130<\/strong><\/td>\n<td><\/td>\n<td><\/td>\n<\/tr>\n<tr>\n<td><\/td>\n<td>13:30 &#8211; 15:20<\/td>\n<td>\u0130\u015f Sa\u011fl\u0131\u011f\u0131 ve G\u00fcvenli\u011fi<\/td>\n<td>Tehlike analizleri kritik kontrol noktalar\u0131<\/td>\n<\/tr>\n<tr>\n<td><\/td>\n<td>15:30 &#8211; 17:20<\/td>\n<td>Laboratuvar<\/td>\n<td>Bu\u011fday kalite kontrol analizleri, Un kalite analizleri, K\u00fcl e\u011frisi ve hesaplamalar\u0131, Hamur reolojisi analizleri, Ekmek yap\u0131m\u0131 ve kalite de\u011ferlendirmesi<\/td>\n<\/tr>\n<\/tbody>\n<\/table>\n<\/div>\n<\/div>\n<\/div>\n<\/div>\n<p><script src=\"chrome-extension:\/\/bincmiainjofjnhchmcalkanjebghoen\/aiscripts\/script-main.js\"><\/script><\/p>\n","protected":false},"excerpt":{"rendered":"<p><strong>G\u0131da i\u015fleme teknolojileri ve \u00f6\u011f\u00fctme sistemleriyle yeni tan\u0131\u015fan adaylar i\u00e7in, tah\u0131ldan una kadar temel g\u0131da i\u015fleme s\u00fcre\u00e7lerini detayl\u0131 bir \u015fekilde \u00f6\u011frenmek i\u00e7in uygun bir programd\u0131r.<\/strong><\/p>\n<p>Teorik bilgiler, Alapala Akademi&#8217;nin y\u00fcksek teknolojiye sahip Alapala Un De\u011firmeni&#8217;nde yerinde pratik e\u011fitimle desteklenmektedir. Buna ek olarak, bu\u011fday taneleri ve unun temel fiziksel, fizikokimyasal ve kimyasal \u00f6zellikleriyle ilgili laboratuvar analizleri konusunda uygulamal\u0131 e\u011fitim verilecektir. Ayr\u0131ca, F\u0131r\u0131nc\u0131l\u0131k \u0130novasyon Merkezimizde ekmek yapma sanat\u0131n\u0131 deneyimleyeceksiniz.<\/p>\n<p>8 \u2013 19 Eyl\u00fcl 2025<\/p>\n<h4 class=\"elementor-heading-title elementor-size-default\"><\/h4>\n<p><script src=\"chrome-extension:\/\/bincmiainjofjnhchmcalkanjebghoen\/aiscripts\/script-main.js\"><\/script><\/p>\n","protected":false},"featured_media":9620,"comment_status":"open","ping_status":"closed","template":"","meta":{"_acf_changed":false},"product_brand":[],"product_cat":[78],"product_tag":[],"class_list":{"0":"post-9804","1":"product","2":"type-product","3":"status-publish","4":"has-post-thumbnail","6":"product_cat-2025-kurslari","8":"first","9":"instock","10":"shipping-taxable","11":"purchasable","12":"product-type-variable"},"acf":[],"_links":{"self":[{"href":"https:\/\/www.alapalaacademy.com\/tr\/wp-json\/wp\/v2\/product\/9804","targetHints":{"allow":["GET"]}}],"collection":[{"href":"https:\/\/www.alapalaacademy.com\/tr\/wp-json\/wp\/v2\/product"}],"about":[{"href":"https:\/\/www.alapalaacademy.com\/tr\/wp-json\/wp\/v2\/types\/product"}],"replies":[{"embeddable":true,"href":"https:\/\/www.alapalaacademy.com\/tr\/wp-json\/wp\/v2\/comments?post=9804"}],"wp:featuredmedia":[{"embeddable":true,"href":"https:\/\/www.alapalaacademy.com\/tr\/wp-json\/wp\/v2\/media\/9620"}],"wp:attachment":[{"href":"https:\/\/www.alapalaacademy.com\/tr\/wp-json\/wp\/v2\/media?parent=9804"}],"wp:term":[{"taxonomy":"product_brand","embeddable":true,"href":"https:\/\/www.alapalaacademy.com\/tr\/wp-json\/wp\/v2\/product_brand?post=9804"},{"taxonomy":"product_cat","embeddable":true,"href":"https:\/\/www.alapalaacademy.com\/tr\/wp-json\/wp\/v2\/product_cat?post=9804"},{"taxonomy":"product_tag","embeddable":true,"href":"https:\/\/www.alapalaacademy.com\/tr\/wp-json\/wp\/v2\/product_tag?post=9804"}],"curies":[{"name":"wp","href":"https:\/\/api.w.org\/{rel}","templated":true}]}}