{"id":12286,"date":"2025-12-02T19:55:59","date_gmt":"2025-12-02T16:55:59","guid":{"rendered":"https:\/\/www.alapalaacademy.com\/?post_type=product&#038;p=12286"},"modified":"2026-04-19T14:30:19","modified_gmt":"2026-04-19T11:30:19","slug":"laboratuvar-egitimi-kopya-kopya","status":"publish","type":"product","link":"https:\/\/www.alapalaacademy.com\/tr\/urun\/laboratuvar-egitimi-kopya-kopya\/","title":{"rendered":"\u00d6zelle\u015ftirilmi\u015f E\u011fitim Programlar\u0131 (Esnek takvim uygulamas\u0131)"},"content":{"rendered":"","protected":false},"excerpt":{"rendered":"<p><strong>\u00d6zel haz\u0131rlanan e\u011fitim programlar\u0131, de\u011firmencilik sekt\u00f6r\u00fcnde faaliyet g\u00f6steren firmalar\u0131n \u00f6zel ihtiya\u00e7lar\u0131na g\u00f6re tasarlanan, tamamen ki\u015fiselle\u015ftirilmi\u015f bir e\u011fitim yakla\u015f\u0131m\u0131 sunar. Bu kapsamda firma yetkilileriyle yap\u0131lan ayr\u0131nt\u0131l\u0131 g\u00f6r\u00fc\u015fmeler do\u011frultusunda; i\u015fletmenin mevcut kapasitesi, ekipman altyap\u0131s\u0131, proses ak\u0131\u015f\u0131, personel yetkinli\u011fi ve saha ihtiya\u00e7lar\u0131 detayl\u0131 \u015fekilde analiz edilir. Elde edilen veriler \u0131\u015f\u0131\u011f\u0131nda, firman\u0131n hedeflerine birebir uygun \u00f6zel e\u011fitim i\u00e7erikleri, uygulamal\u0131 mod\u00fcller, proses iyile\u015ftirme \u00e7al\u0131\u015fmalar\u0131 ve ger\u00e7ek \u00fcretim senaryolar\u0131na dayal\u0131 \u00e7\u00f6z\u00fcmler olu\u015fturulur.<\/strong><\/p>\n<p>Bu program, i\u015fletmelerin hem teknik hem operasyonel olarak ihtiya\u00e7 duydu\u011fu t\u00fcm alanlara esnek bi\u00e7imde uyarlanabilir. Kat\u0131l\u0131mc\u0131lar, teorik bilgi birikimlerinin yan\u0131 s\u0131ra saha uygulamalar\u0131yla desteklenen pratik beceriler kazanarak \u00fcretim s\u00fcre\u00e7lerini daha etkin y\u00f6netebilir h\u00e2le gelir. Bu kapsaml\u0131 yakla\u015f\u0131m sayesinde firmalar, \u00fcretim hatlar\u0131nda somut performans iyile\u015ftirmeleri elde eder ve rekabet g\u00fc\u00e7lerini \u00f6nemli \u00f6l\u00e7\u00fcde y\u00fckseltir.<\/p>\n","protected":false},"featured_media":12290,"comment_status":"open","ping_status":"closed","template":"","meta":{"_acf_changed":false},"product_brand":[],"product_cat":[78],"product_tag":[],"class_list":{"0":"post-12286","1":"product","2":"type-product","3":"status-publish","4":"has-post-thumbnail","6":"product_cat-2025-kurslari","8":"first","9":"instock","10":"shipping-taxable","11":"product-type-variable"},"acf":[],"_links":{"self":[{"href":"https:\/\/www.alapalaacademy.com\/tr\/wp-json\/wp\/v2\/product\/12286","targetHints":{"allow":["GET"]}}],"collection":[{"href":"https:\/\/www.alapalaacademy.com\/tr\/wp-json\/wp\/v2\/product"}],"about":[{"href":"https:\/\/www.alapalaacademy.com\/tr\/wp-json\/wp\/v2\/types\/product"}],"replies":[{"embeddable":true,"href":"https:\/\/www.alapalaacademy.com\/tr\/wp-json\/wp\/v2\/comments?post=12286"}],"wp:featuredmedia":[{"embeddable":true,"href":"https:\/\/www.alapalaacademy.com\/tr\/wp-json\/wp\/v2\/media\/12290"}],"wp:attachment":[{"href":"https:\/\/www.alapalaacademy.com\/tr\/wp-json\/wp\/v2\/media?parent=12286"}],"wp:term":[{"taxonomy":"product_brand","embeddable":true,"href":"https:\/\/www.alapalaacademy.com\/tr\/wp-json\/wp\/v2\/product_brand?post=12286"},{"taxonomy":"product_cat","embeddable":true,"href":"https:\/\/www.alapalaacademy.com\/tr\/wp-json\/wp\/v2\/product_cat?post=12286"},{"taxonomy":"product_tag","embeddable":true,"href":"https:\/\/www.alapalaacademy.com\/tr\/wp-json\/wp\/v2\/product_tag?post=12286"}],"curies":[{"name":"wp","href":"https:\/\/api.w.org\/{rel}","templated":true}]}}