{"id":12275,"date":"2025-12-02T19:28:12","date_gmt":"2025-12-02T16:28:12","guid":{"rendered":"https:\/\/www.alapalaacademy.com\/?post_type=product&#038;p=12275"},"modified":"2026-04-19T14:30:27","modified_gmt":"2026-04-19T11:30:27","slug":"durum-bugdayi-isleme-ve-makarna-teknolojisi-kursu","status":"publish","type":"product","link":"https:\/\/www.alapalaacademy.com\/tr\/urun\/durum-bugdayi-isleme-ve-makarna-teknolojisi-kursu\/","title":{"rendered":"Durum Bu\u011fday\u0131 \u0130\u015fleme ve Makarna Teknolojisi Kursu"},"content":{"rendered":"","protected":false},"excerpt":{"rendered":"<p><strong>Durum bu\u011fday\u0131n\u0131n \u00f6zelliklerinden y\u00fcksek kaliteli irmik \u00fcretimine, ileri seviye pasta proseslerinden end\u00fcstriyel \u00fcretim hatlar\u0131na kadar t\u00fcm s\u00fcreci hem teorik hem uygulamal\u0131 olarak ele alan kapsaml\u0131 bir e\u011fitim program\u0131d\u0131r.<\/strong><\/p>\n<p>E\u011fitim, makarna teknolojileri konusunda d\u00fcnya \u00e7ap\u0131nda uzmanl\u0131\u011f\u0131yla bilinen Axor\u2019un teknik deste\u011fiyle ger\u00e7ekle\u015ftirilmektedir. Bu kursta kat\u0131l\u0131mc\u0131lar; durum bu\u011fday\u0131n\u0131n kimyasal ve teknolojik yap\u0131s\u0131n\u0131, temizleme\u2013tavlama\u2013\u00f6\u011f\u00fctme a\u015famalar\u0131n\u0131, irmik kalitesini belirleyen kritik parametreleri, hamur haz\u0131rlama\u2013ekstr\u00fczyon\u2013kurutma prensiplerini, proses optimizasyonunu ve kalite kontrol tekniklerini \u00f6\u011frenir. E\u011fitim sonunda kat\u0131l\u0131mc\u0131lar, tarladan sofraya uzanan zinciri b\u00fct\u00fcnsel bir bak\u0131\u015f a\u00e7\u0131s\u0131yla kavrayarak modern makarna \u00fcretiminde kar\u015f\u0131la\u015f\u0131lan sorunlar\u0131 analiz edebilme ve \u00e7\u00f6z\u00fcm \u00fcretebilme yetkinli\u011fi kazan\u0131r.<\/p>\n","protected":false},"featured_media":12282,"comment_status":"open","ping_status":"closed","template":"","meta":{"_acf_changed":false},"product_brand":[],"product_cat":[78],"product_tag":[],"class_list":{"0":"post-12275","1":"product","2":"type-product","3":"status-publish","4":"has-post-thumbnail","6":"product_cat-2025-kurslari","8":"first","9":"instock","10":"shipping-taxable","11":"product-type-variable"},"acf":[],"_links":{"self":[{"href":"https:\/\/www.alapalaacademy.com\/tr\/wp-json\/wp\/v2\/product\/12275","targetHints":{"allow":["GET"]}}],"collection":[{"href":"https:\/\/www.alapalaacademy.com\/tr\/wp-json\/wp\/v2\/product"}],"about":[{"href":"https:\/\/www.alapalaacademy.com\/tr\/wp-json\/wp\/v2\/types\/product"}],"replies":[{"embeddable":true,"href":"https:\/\/www.alapalaacademy.com\/tr\/wp-json\/wp\/v2\/comments?post=12275"}],"wp:featuredmedia":[{"embeddable":true,"href":"https:\/\/www.alapalaacademy.com\/tr\/wp-json\/wp\/v2\/media\/12282"}],"wp:attachment":[{"href":"https:\/\/www.alapalaacademy.com\/tr\/wp-json\/wp\/v2\/media?parent=12275"}],"wp:term":[{"taxonomy":"product_brand","embeddable":true,"href":"https:\/\/www.alapalaacademy.com\/tr\/wp-json\/wp\/v2\/product_brand?post=12275"},{"taxonomy":"product_cat","embeddable":true,"href":"https:\/\/www.alapalaacademy.com\/tr\/wp-json\/wp\/v2\/product_cat?post=12275"},{"taxonomy":"product_tag","embeddable":true,"href":"https:\/\/www.alapalaacademy.com\/tr\/wp-json\/wp\/v2\/product_tag?post=12275"}],"curies":[{"name":"wp","href":"https:\/\/api.w.org\/{rel}","templated":true}]}}