{"id":9699,"date":"2024-09-04T01:00:23","date_gmt":"2024-09-03T22:00:23","guid":{"rendered":"https:\/\/www.alapalaacademy.com\/hakan-bilgin\/"},"modified":"2025-11-12T18:50:21","modified_gmt":"2025-11-12T15:50:21","slug":"gulcin-kara","status":"publish","type":"page","link":"https:\/\/www.alapalaacademy.com\/tr\/gulcin-kara\/","title":{"rendered":"G\u00fcl\u00e7in Kara"},"content":{"rendered":"\t\t<div data-elementor-type=\"wp-page\" data-elementor-id=\"9699\" class=\"elementor elementor-9699 elementor-8549\">\n\t\t\t\t\t\t<section class=\"elementor-section elementor-top-section elementor-element elementor-element-66bd8ce elementor-section-full_width qodef-elementor-content-grid elementor-section-height-default elementor-section-height-default\" data-id=\"66bd8ce\" data-element_type=\"section\" data-settings=\"{&quot;background_background&quot;:&quot;classic&quot;}\">\n\t\t\t\t\t\t<div class=\"elementor-container elementor-column-gap-default\">\n\t\t\t\t\t<div class=\"elementor-column elementor-col-100 elementor-top-column elementor-element elementor-element-a372646\" data-id=\"a372646\" data-element_type=\"column\">\n\t\t\t<div class=\"elementor-widget-wrap elementor-element-populated\">\n\t\t\t\t\t\t<div class=\"elementor-element elementor-element-054ecb1 elementor-hidden-mobile elementor-widget elementor-widget-coachfocus_core_custom_font\" data-id=\"054ecb1\" data-element_type=\"widget\" data-widget_type=\"coachfocus_core_custom_font.default\">\n\t\t\t\t<div class=\"elementor-widget-container\">\n\t\t\t\t\t<h1 class=\"qodef-shortcode qodef-m  qodef-custom-font qodef-custom-font-785 qodef-layout--simple\" style=\"font-family: Gilda Display;font-size: 34px;line-height: 42px;font-weight: 400\">Alapala Makine\u2019de \u0130nsan Kaynaklar\u0131 M\u00fcd\u00fcr\u00fc olarak g\u00f6rev yapan G\u00fcl\u00e7in Kara, insan kaynaklar\u0131 ve idari operasyonlar\u0131n t\u00fcm y\u00f6nlerinin y\u00f6netiminde kilit bir rol \u00fcstlenmektedir. G\u00fc\u00e7l\u00fc bir e\u011fitim ge\u00e7mi\u015fi ve geni\u015f deneyimiyle, insan kaynaklar\u0131 faaliyetlerinin, end\u00fcstriyel ili\u015fkilerin, yasal s\u00fcre\u00e7lerin, idari i\u015flerin ve e\u011fitim programlar\u0131n\u0131n y\u00f6netiminden sorumludur.<\/h1>\n\t\t\t\t<\/div>\n\t\t\t\t<\/div>\n\t\t\t\t<div class=\"elementor-element elementor-element-6d5b5ff elementor-hidden-desktop elementor-hidden-tablet elementor-widget elementor-widget-coachfocus_core_custom_font\" data-id=\"6d5b5ff\" data-element_type=\"widget\" data-widget_type=\"coachfocus_core_custom_font.default\">\n\t\t\t\t<div class=\"elementor-widget-container\">\n\t\t\t\t\t<h1 class=\"qodef-shortcode qodef-m  qodef-custom-font qodef-custom-font-499 qodef-layout--simple\" style=\"font-family: Gilda Display;font-size: 20px;line-height: 28px;font-weight: 400\">Alapala Makine\u2019de \u0130nsan Kaynaklar\u0131 M\u00fcd\u00fcr\u00fc olarak g\u00f6rev yapan G\u00fcl\u00e7in Kara, insan kaynaklar\u0131 ve idari operasyonlar\u0131n t\u00fcm y\u00f6nlerinin y\u00f6netiminde kilit bir rol \u00fcstlenmektedir. G\u00fc\u00e7l\u00fc bir e\u011fitim ge\u00e7mi\u015fi ve geni\u015f deneyimiyle, insan kaynaklar\u0131 faaliyetlerinin, end\u00fcstriyel ili\u015fkilerin, yasal s\u00fcre\u00e7lerin, idari i\u015flerin ve e\u011fitim programlar\u0131n\u0131n y\u00f6netiminden sorumludur.<\/h1>\n\t\t\t\t<\/div>\n\t\t\t\t<\/div>\n\t\t\t\t<section class=\"elementor-section elementor-inner-section elementor-element elementor-element-62e82c6 elementor-section-full_width elementor-section-height-default elementor-section-height-default qodef-elementor-content-no\" data-id=\"62e82c6\" data-element_type=\"section\">\n\t\t\t\t\t\t<div class=\"elementor-container elementor-column-gap-default\">\n\t\t\t\t\t<div class=\"elementor-column elementor-col-50 elementor-inner-column elementor-element elementor-element-04ff5a1\" data-id=\"04ff5a1\" data-element_type=\"column\">\n\t\t\t<div class=\"elementor-widget-wrap elementor-element-populated\">\n\t\t\t\t\t\t<div class=\"elementor-element elementor-element-43e3e80 elementor-widget elementor-widget-image\" data-id=\"43e3e80\" data-element_type=\"widget\" data-widget_type=\"image.default\">\n\t\t\t\t<div class=\"elementor-widget-container\">\n\t\t\t\t\t\t\t\t\t\t\t\t\t\t\t<img fetchpriority=\"high\" decoding=\"async\" width=\"545\" height=\"725\" src=\"https:\/\/www.alapalaacademy.com\/wp-content\/uploads\/2025\/11\/Gulcin-Kara-1-1.jpg\" class=\"attachment-large size-large wp-image-12230\" alt=\"\" srcset=\"https:\/\/www.alapalaacademy.com\/wp-content\/uploads\/2025\/11\/Gulcin-Kara-1-1.jpg 545w, https:\/\/www.alapalaacademy.com\/wp-content\/uploads\/2025\/11\/Gulcin-Kara-1-1-226x300.jpg 226w\" sizes=\"(max-width: 545px) 100vw, 545px\" \/>\t\t\t\t\t\t\t\t\t\t\t\t\t\t\t<\/div>\n\t\t\t\t<\/div>\n\t\t\t\t\t<\/div>\n\t\t<\/div>\n\t\t\t\t<div class=\"elementor-column elementor-col-50 elementor-inner-column elementor-element elementor-element-d77b1b5\" data-id=\"d77b1b5\" data-element_type=\"column\">\n\t\t\t<div class=\"elementor-widget-wrap elementor-element-populated\">\n\t\t\t\t\t\t<div class=\"elementor-element elementor-element-c3fab87 elementor-widget elementor-widget-coachfocus_core_section_title\" data-id=\"c3fab87\" data-element_type=\"widget\" data-widget_type=\"coachfocus_core_section_title.default\">\n\t\t\t\t<div class=\"elementor-widget-container\">\n\t\t\t\t\t<div class=\"qodef-shortcode qodef-m  qodef-section-title qodef-alignment--left \">\n\t\t<h3 class=\"qodef-m-title\" >\n\t\t\t\t\tG\u00fcl\u00e7in Kara\t\t\t<\/h3>\n\t<\/div>\n\t\t\t\t<\/div>\n\t\t\t\t<\/div>\n\t\t\t\t<div class=\"elementor-element elementor-element-9f0dc6f elementor-widget elementor-widget-coachfocus_core_section_title\" data-id=\"9f0dc6f\" data-element_type=\"widget\" data-widget_type=\"coachfocus_core_section_title.default\">\n\t\t\t\t<div class=\"elementor-widget-container\">\n\t\t\t\t\t<div class=\"qodef-shortcode qodef-m  qodef-section-title qodef-alignment--left \">\n\t\t<h5 class=\"qodef-m-title\" >\n\t\t\t\t\t\u0130nsan Kaynaklar\u0131 Y\u00f6neticisi\t\t\t<\/h5>\n\t<\/div>\n\t\t\t\t<\/div>\n\t\t\t\t<\/div>\n\t\t\t\t<div class=\"elementor-element elementor-element-b372a4f elementor-widget elementor-widget-text-editor\" data-id=\"b372a4f\" data-element_type=\"widget\" data-widget_type=\"text-editor.default\">\n\t\t\t\t<div class=\"elementor-widget-container\">\n\t\t\t\t\t\t\t\t\t<p>G\u00fcl\u00e7in Kara&#8217;n\u0131n insan kaynaklar\u0131 alan\u0131ndaki uzmanl\u0131\u011f\u0131, Alapala Makine&#8217;nin ba\u015far\u0131s\u0131na katk\u0131da bulunarak, kurumun yaln\u0131zca yetenekli profesyonelleri \u00e7ekmek ve elde tutmakla kalmay\u0131p, ayn\u0131 zamanda hem \u00e7al\u0131\u015fanlar\u0131n hem de kurumun geli\u015febilece\u011fi bir ortam\u0131 te\u015fvik etmesini sa\u011flamaktad\u0131r.<\/p>\t\t\t\t\t\t\t\t<\/div>\n\t\t\t\t<\/div>\n\t\t\t\t<div class=\"elementor-element elementor-element-ada47a7 elementor-widget elementor-widget-text-editor\" data-id=\"ada47a7\" data-element_type=\"widget\" data-widget_type=\"text-editor.default\">\n\t\t\t\t<div class=\"elementor-widget-container\">\n\t\t\t\t\t\t\t\t\t<p><strong>Alapala Makine&#8217;de Kara&#8217;n\u0131n sorumluluklar\u0131 \u015funlard\u0131r:<\/strong><\/p><ul><li>En iyi yetenekleri \u00e7ekmek ve elde tutmak i\u00e7in i\u015fe al\u0131m, i\u015fe ba\u015flama, performans y\u00f6netimi ve \u00e7al\u0131\u015fan ili\u015fkileri dahil olmak \u00fczere t\u00fcm \u0130K i\u015flevlerini y\u00f6netmek.<\/li><li>Akademi ve Alapala Grup \u00e7al\u0131\u015fanlar\u0131 aras\u0131ndaki ili\u015fkileri y\u00f6netmek, i\u015f kanunlar\u0131na uyulmas\u0131n\u0131 sa\u011flamak ve personel ile y\u00f6netim aras\u0131nda etkili ileti\u015fimi kolayla\u015ft\u0131rmak.<\/li><li>S\u00f6zle\u015fmeler, y\u00f6netmeliklere uyum ve riskleri azaltmak i\u00e7in \u015firket politikalar\u0131n\u0131n uygulanmas\u0131 dahil olmak \u00fczere istihdamla ilgili yasal konular\u0131 denetlemek.<\/li><li>Tesis y\u00f6netimi, kay\u0131t tutma ve departman faaliyetlerinin koordinasyonu gibi akademinin g\u00fcnl\u00fck operasyonlar\u0131n\u0131 destekleyen idari g\u00f6revlerin denetlenmesi.<\/li><li>\u00c7al\u0131\u015fan becerilerini geli\u015ftirmek, mesleki geli\u015fimi te\u015fvik etmek ve personel yetkinliklerini kurumsal hedeflerle uyumlu hale getirmek i\u00e7in e\u011fitim programlar\u0131 geli\u015ftirmek ve uygulamak.<\/li><\/ul>\t\t\t\t\t\t\t\t<\/div>\n\t\t\t\t<\/div>\n\t\t\t\t\t<\/div>\n\t\t<\/div>\n\t\t\t\t\t<\/div>\n\t\t<\/section>\n\t\t\t\t\t<\/div>\n\t\t<\/div>\n\t\t\t\t\t<\/div>\n\t\t<\/section>\n\t\t\t\t<\/div>\n\t\t","protected":false},"excerpt":{"rendered":"<p>Alapala Makine\u2019de \u0130nsan Kaynaklar\u0131 M\u00fcd\u00fcr\u00fc olarak g\u00f6rev yapan G\u00fcl\u00e7in Kara, insan kaynaklar\u0131 ve idari operasyonlar\u0131n t\u00fcm y\u00f6nlerinin y\u00f6netiminde kilit bir rol \u00fcstlenmektedir. G\u00fc\u00e7l\u00fc bir e\u011fitim ge\u00e7mi\u015fi ve geni\u015f deneyimiyle, insan kaynaklar\u0131 faaliyetlerinin, end\u00fcstriyel ili\u015fkilerin, yasal s\u00fcre\u00e7lerin, idari i\u015flerin ve e\u011fitim programlar\u0131n\u0131n y\u00f6netiminden sorumludur. Alapala Makine\u2019de \u0130nsan Kaynaklar\u0131 M\u00fcd\u00fcr\u00fc olarak g\u00f6rev yapan G\u00fcl\u00e7in Kara, insan kaynaklar\u0131 [&hellip;]<\/p>\n","protected":false},"author":1,"featured_media":12228,"parent":0,"menu_order":0,"comment_status":"closed","ping_status":"closed","template":"page-full-width.php","meta":{"_acf_changed":false,"footnotes":""},"class_list":["post-9699","page","type-page","status-publish","has-post-thumbnail","hentry"],"acf":[],"_links":{"self":[{"href":"https:\/\/www.alapalaacademy.com\/tr\/wp-json\/wp\/v2\/pages\/9699","targetHints":{"allow":["GET"]}}],"collection":[{"href":"https:\/\/www.alapalaacademy.com\/tr\/wp-json\/wp\/v2\/pages"}],"about":[{"href":"https:\/\/www.alapalaacademy.com\/tr\/wp-json\/wp\/v2\/types\/page"}],"author":[{"embeddable":true,"href":"https:\/\/www.alapalaacademy.com\/tr\/wp-json\/wp\/v2\/users\/1"}],"replies":[{"embeddable":true,"href":"https:\/\/www.alapalaacademy.com\/tr\/wp-json\/wp\/v2\/comments?post=9699"}],"version-history":[{"count":0,"href":"https:\/\/www.alapalaacademy.com\/tr\/wp-json\/wp\/v2\/pages\/9699\/revisions"}],"wp:featuredmedia":[{"embeddable":true,"href":"https:\/\/www.alapalaacademy.com\/tr\/wp-json\/wp\/v2\/media\/12228"}],"wp:attachment":[{"href":"https:\/\/www.alapalaacademy.com\/tr\/wp-json\/wp\/v2\/media?parent=9699"}],"curies":[{"name":"wp","href":"https:\/\/api.w.org\/{rel}","templated":true}]}}