{"id":9697,"date":"2024-09-04T00:41:56","date_gmt":"2024-09-03T21:41:56","guid":{"rendered":"https:\/\/www.alapalaacademy.com\/kadir-koroglu\/"},"modified":"2025-01-27T16:04:32","modified_gmt":"2025-01-27T13:04:32","slug":"kadir-koroglu","status":"publish","type":"page","link":"https:\/\/www.alapalaacademy.com\/tr\/kadir-koroglu\/","title":{"rendered":"Kadir K\u00d6RO\u011eLU"},"content":{"rendered":"\t\t<div data-elementor-type=\"wp-page\" data-elementor-id=\"9697\" class=\"elementor elementor-9697 elementor-8502\">\n\t\t\t\t\t\t<section class=\"elementor-section elementor-top-section elementor-element elementor-element-66bd8ce elementor-section-full_width qodef-elementor-content-grid elementor-section-height-default elementor-section-height-default\" data-id=\"66bd8ce\" data-element_type=\"section\" data-e-type=\"section\" data-settings=\"{&quot;background_background&quot;:&quot;classic&quot;}\">\n\t\t\t\t\t\t<div class=\"elementor-container elementor-column-gap-default\">\n\t\t\t\t\t<div class=\"elementor-column elementor-col-100 elementor-top-column elementor-element elementor-element-a372646\" data-id=\"a372646\" data-element_type=\"column\" data-e-type=\"column\">\n\t\t\t<div class=\"elementor-widget-wrap elementor-element-populated\">\n\t\t\t\t\t\t<div class=\"elementor-element elementor-element-054ecb1 elementor-widget elementor-widget-coachfocus_core_custom_font\" data-id=\"054ecb1\" data-element_type=\"widget\" data-e-type=\"widget\" data-widget_type=\"coachfocus_core_custom_font.default\">\n\t\t\t\t<div class=\"elementor-widget-container\">\n\t\t\t\t\t<h1 class=\"qodef-shortcode qodef-m  qodef-custom-font qodef-custom-font-940 qodef-layout--simple\" style=\"font-family: Gilda Display;font-size: 36px;line-height: 45px;font-weight: 400\">Alapala Academy\u2019de Proses M\u00fchendisi olarak g\u00f6rev yapan Kadir K\u00f6ro\u011flu, \u00f6\u011f\u00fctme proseslerinin verimlilik, \u00fcretkenlik ve kalitesinin artt\u0131r\u0131lmas\u0131 ile proses optimizasyonu konular\u0131nda uzmanl\u0131\u011fa sahiptir. <\/h1>\n\t\t\t\t<\/div>\n\t\t\t\t<\/div>\n\t\t\t\t<section class=\"elementor-section elementor-inner-section elementor-element elementor-element-62e82c6 elementor-section-full_width elementor-section-height-default elementor-section-height-default qodef-elementor-content-no\" data-id=\"62e82c6\" data-element_type=\"section\" data-e-type=\"section\">\n\t\t\t\t\t\t<div class=\"elementor-container elementor-column-gap-default\">\n\t\t\t\t\t<div class=\"elementor-column elementor-col-50 elementor-inner-column elementor-element elementor-element-04ff5a1\" data-id=\"04ff5a1\" data-element_type=\"column\" data-e-type=\"column\">\n\t\t\t<div class=\"elementor-widget-wrap elementor-element-populated\">\n\t\t\t\t\t\t<div class=\"elementor-element elementor-element-43e3e80 elementor-widget elementor-widget-image\" data-id=\"43e3e80\" data-element_type=\"widget\" data-e-type=\"widget\" data-widget_type=\"image.default\">\n\t\t\t\t<div class=\"elementor-widget-container\">\n\t\t\t\t\t\t\t\t\t\t\t\t\t\t\t<img fetchpriority=\"high\" decoding=\"async\" width=\"545\" height=\"725\" src=\"https:\/\/www.alapalaacademy.com\/wp-content\/uploads\/2024\/09\/IBRAHIM-KESTEK.jpg\" class=\"attachment-large size-large wp-image-9399\" alt=\"\" srcset=\"https:\/\/www.alapalaacademy.com\/wp-content\/uploads\/2024\/09\/IBRAHIM-KESTEK.jpg 545w, https:\/\/www.alapalaacademy.com\/wp-content\/uploads\/2024\/09\/IBRAHIM-KESTEK-226x300.jpg 226w\" sizes=\"(max-width: 545px) 100vw, 545px\" \/>\t\t\t\t\t\t\t\t\t\t\t\t\t\t\t<\/div>\n\t\t\t\t<\/div>\n\t\t\t\t\t<\/div>\n\t\t<\/div>\n\t\t\t\t<div class=\"elementor-column elementor-col-50 elementor-inner-column elementor-element elementor-element-d77b1b5\" data-id=\"d77b1b5\" data-element_type=\"column\" data-e-type=\"column\">\n\t\t\t<div class=\"elementor-widget-wrap elementor-element-populated\">\n\t\t\t\t\t\t<div class=\"elementor-element elementor-element-c3fab87 elementor-widget elementor-widget-coachfocus_core_section_title\" data-id=\"c3fab87\" data-element_type=\"widget\" data-e-type=\"widget\" data-widget_type=\"coachfocus_core_section_title.default\">\n\t\t\t\t<div class=\"elementor-widget-container\">\n\t\t\t\t\t<div class=\"qodef-shortcode qodef-m  qodef-section-title qodef-alignment--left \">\n\t\t<h3 class=\"qodef-m-title\" >\n\t\t\t\t\tKadir K\u00d6RO\u011eLU\t\t\t<\/h3>\n\t<\/div>\n\t\t\t\t<\/div>\n\t\t\t\t<\/div>\n\t\t\t\t<div class=\"elementor-element elementor-element-9f0dc6f elementor-widget elementor-widget-coachfocus_core_section_title\" data-id=\"9f0dc6f\" data-element_type=\"widget\" data-e-type=\"widget\" data-widget_type=\"coachfocus_core_section_title.default\">\n\t\t\t\t<div class=\"elementor-widget-container\">\n\t\t\t\t\t<div class=\"qodef-shortcode qodef-m  qodef-section-title qodef-alignment--left \">\n\t\t<h5 class=\"qodef-m-title\" >\n\t\t\t\t\tK\u0131demli Proses M\u00fchendisi\t\t\t<\/h5>\n\t<\/div>\n\t\t\t\t<\/div>\n\t\t\t\t<\/div>\n\t\t\t\t<div class=\"elementor-element elementor-element-b372a4f elementor-widget elementor-widget-text-editor\" data-id=\"b372a4f\" data-element_type=\"widget\" data-e-type=\"widget\" data-widget_type=\"text-editor.default\">\n\t\t\t\t<div class=\"elementor-widget-container\">\n\t\t\t\t\t\t\t\t\t<p><strong>Proses M\u00fchendisli\u011fi, Makine Resmi ve Proje Makine D\u00fczeni alanlar\u0131nda uzmanl\u0131\u011fa sahip olan K\u00f6ro\u011flu, bu alanda 9 y\u0131ll\u0131k deneyimi ile aktif olarak \u00e7al\u0131\u015fmaktad\u0131r. <\/strong><\/p>\t\t\t\t\t\t\t\t<\/div>\n\t\t\t\t<\/div>\n\t\t\t\t<div class=\"elementor-element elementor-element-ada47a7 elementor-widget elementor-widget-text-editor\" data-id=\"ada47a7\" data-element_type=\"widget\" data-e-type=\"widget\" data-widget_type=\"text-editor.default\">\n\t\t\t\t<div class=\"elementor-widget-container\">\n\t\t\t\t\t\t\t\t\t<p><strong>Alapala Academy kadrosunda yer alan K\u00f6ro\u011flu&#8217;nun e\u011fitim program\u0131ndaki ba\u015fl\u0131ca sorumluluklar\u0131 \u015funlard\u0131r:<\/strong><\/p><p>\u00a0<\/p><ul><li>Verimlili\u011fi ve \u00e7\u0131kt\u0131 kalitesini art\u0131rmak i\u00e7in \u00f6\u011f\u00fctme s\u00fcre\u00e7lerini geli\u015ftirmek ve iyile\u015ftirmek, t\u00fcm operasyonlar\u0131n d\u00fczg\u00fcn ve maliyet etkin bir \u015fekilde \u00e7al\u0131\u015fmas\u0131n\u0131 sa\u011flamak.<\/li><li>M\u00fc\u015fterilere uzman teknik destek sa\u011flamak, prosesle ilgili sorunlar\u0131 belirleyip \u00e7\u00f6zerek kesinti s\u00fcrelerini en aza indirgemek ve \u00fcretkenli\u011fi s\u00fcrd\u00fcrmek.<\/li><li>M\u00fc\u015fterilere ve operat\u00f6rlere proses y\u00f6netimi ve optimizasyon tekniklerinde en iyi uygulamalar\u0131 kapsayan kapsaml\u0131 e\u011fitim programlar\u0131 d\u00fczenlemek.<\/li><li>\u00d6\u011f\u00fctme s\u00fcre\u00e7lerini ilerletmek ve Alapala&#8217;n\u0131n rekabet\u00e7i avantaj\u0131n\u0131 korumak i\u00e7in yeni teknolojiler ve metodolojiler uygulamak \u00fczere Ar-Ge ekibiyle yak\u0131n i\u015f birli\u011fi yapmak.<\/li><\/ul>\t\t\t\t\t\t\t\t<\/div>\n\t\t\t\t<\/div>\n\t\t\t\t\t<\/div>\n\t\t<\/div>\n\t\t\t\t\t<\/div>\n\t\t<\/section>\n\t\t\t\t\t<\/div>\n\t\t<\/div>\n\t\t\t\t\t<\/div>\n\t\t<\/section>\n\t\t\t\t<\/div>\n\t\t","protected":false},"excerpt":{"rendered":"<p>Alapala Academy\u2019de Proses M\u00fchendisi olarak g\u00f6rev yapan Kadir K\u00f6ro\u011flu, \u00f6\u011f\u00fctme proseslerinin verimlilik, \u00fcretkenlik ve kalitesinin artt\u0131r\u0131lmas\u0131 ile proses optimizasyonu konular\u0131nda uzmanl\u0131\u011fa sahiptir. Kadir K\u00d6RO\u011eLU K\u0131demli Proses M\u00fchendisi Proses M\u00fchendisli\u011fi, Makine Resmi ve Proje Makine D\u00fczeni alanlar\u0131nda uzmanl\u0131\u011fa sahip olan K\u00f6ro\u011flu, bu alanda 9 y\u0131ll\u0131k deneyimi ile aktif olarak \u00e7al\u0131\u015fmaktad\u0131r. Alapala Academy kadrosunda yer alan K\u00f6ro\u011flu&#8217;nun [&hellip;]<\/p>\n","protected":false},"author":1,"featured_media":9379,"parent":0,"menu_order":0,"comment_status":"closed","ping_status":"closed","template":"page-full-width.php","meta":{"_acf_changed":false,"footnotes":""},"class_list":["post-9697","page","type-page","status-publish","has-post-thumbnail","hentry"],"acf":[],"_links":{"self":[{"href":"https:\/\/www.alapalaacademy.com\/tr\/wp-json\/wp\/v2\/pages\/9697","targetHints":{"allow":["GET"]}}],"collection":[{"href":"https:\/\/www.alapalaacademy.com\/tr\/wp-json\/wp\/v2\/pages"}],"about":[{"href":"https:\/\/www.alapalaacademy.com\/tr\/wp-json\/wp\/v2\/types\/page"}],"author":[{"embeddable":true,"href":"https:\/\/www.alapalaacademy.com\/tr\/wp-json\/wp\/v2\/users\/1"}],"replies":[{"embeddable":true,"href":"https:\/\/www.alapalaacademy.com\/tr\/wp-json\/wp\/v2\/comments?post=9697"}],"version-history":[{"count":0,"href":"https:\/\/www.alapalaacademy.com\/tr\/wp-json\/wp\/v2\/pages\/9697\/revisions"}],"wp:featuredmedia":[{"embeddable":true,"href":"https:\/\/www.alapalaacademy.com\/tr\/wp-json\/wp\/v2\/media\/9379"}],"wp:attachment":[{"href":"https:\/\/www.alapalaacademy.com\/tr\/wp-json\/wp\/v2\/media?parent=9697"}],"curies":[{"name":"wp","href":"https:\/\/api.w.org\/{rel}","templated":true}]}}