{"id":9681,"date":"2024-09-04T00:53:11","date_gmt":"2024-09-03T21:53:11","guid":{"rendered":"https:\/\/www.alapalaacademy.com\/doc-dr-lokman-gemi\/"},"modified":"2025-01-21T17:15:39","modified_gmt":"2025-01-21T14:15:39","slug":"doc-dr-lokman-gemi","status":"publish","type":"page","link":"https:\/\/www.alapalaacademy.com\/tr\/doc-dr-lokman-gemi\/","title":{"rendered":"Do\u00e7.\nDr. Lokman GEM\u0130"},"content":{"rendered":"\t\t<div data-elementor-type=\"wp-page\" data-elementor-id=\"9681\" class=\"elementor elementor-9681 elementor-8531\">\n\t\t\t\t\t\t<section class=\"elementor-section elementor-top-section elementor-element elementor-element-66bd8ce elementor-section-full_width qodef-elementor-content-grid elementor-section-height-default elementor-section-height-default\" data-id=\"66bd8ce\" data-element_type=\"section\" data-settings=\"{&quot;background_background&quot;:&quot;classic&quot;}\">\n\t\t\t\t\t\t<div class=\"elementor-container elementor-column-gap-default\">\n\t\t\t\t\t<div class=\"elementor-column elementor-col-100 elementor-top-column elementor-element elementor-element-a372646\" data-id=\"a372646\" data-element_type=\"column\">\n\t\t\t<div class=\"elementor-widget-wrap elementor-element-populated\">\n\t\t\t\t\t\t<div class=\"elementor-element elementor-element-054ecb1 elementor-widget elementor-widget-coachfocus_core_custom_font\" data-id=\"054ecb1\" data-element_type=\"widget\" data-widget_type=\"coachfocus_core_custom_font.default\">\n\t\t\t\t<div class=\"elementor-widget-container\">\n\t\t\t\t\t<h1 class=\"qodef-shortcode qodef-m  qodef-custom-font qodef-custom-font-851 qodef-layout--simple\" style=\"font-family: Gilda Display;font-size: 36px;line-height: 45px;font-weight: 400\">Dr. Lokman Gemi, Alapala Akademi'de Akademik Dan\u0131\u015fman olarak g\u00f6rev yapmakta ve makine m\u00fchendisli\u011fi alan\u0131ndaki kapsaml\u0131 uzmanl\u0131\u011f\u0131n\u0131 ve akademik ge\u00e7mi\u015fini akademinin e\u011fitim programlar\u0131na ve giri\u015fimlerine rehberlik etmek i\u00e7in kullanmaktad\u0131r.<\/h1>\n\t\t\t\t<\/div>\n\t\t\t\t<\/div>\n\t\t\t\t<section class=\"elementor-section elementor-inner-section elementor-element elementor-element-62e82c6 elementor-section-full_width elementor-section-height-default elementor-section-height-default qodef-elementor-content-no\" data-id=\"62e82c6\" data-element_type=\"section\">\n\t\t\t\t\t\t<div class=\"elementor-container elementor-column-gap-default\">\n\t\t\t\t\t<div class=\"elementor-column elementor-col-50 elementor-inner-column elementor-element elementor-element-04ff5a1\" data-id=\"04ff5a1\" data-element_type=\"column\">\n\t\t\t<div class=\"elementor-widget-wrap elementor-element-populated\">\n\t\t\t\t\t\t<div class=\"elementor-element elementor-element-43e3e80 elementor-widget elementor-widget-image\" data-id=\"43e3e80\" data-element_type=\"widget\" data-widget_type=\"image.default\">\n\t\t\t\t<div class=\"elementor-widget-container\">\n\t\t\t\t\t\t\t\t\t\t\t\t\t\t\t<img fetchpriority=\"high\" decoding=\"async\" width=\"550\" height=\"750\" src=\"https:\/\/www.alapalaacademy.com\/wp-content\/uploads\/2025\/01\/Lokman-Gemi.jpg\" class=\"attachment-large size-large wp-image-10818\" alt=\"\" srcset=\"https:\/\/www.alapalaacademy.com\/wp-content\/uploads\/2025\/01\/Lokman-Gemi.jpg 550w, https:\/\/www.alapalaacademy.com\/wp-content\/uploads\/2025\/01\/Lokman-Gemi-220x300.jpg 220w\" sizes=\"(max-width: 550px) 100vw, 550px\" \/>\t\t\t\t\t\t\t\t\t\t\t\t\t\t\t<\/div>\n\t\t\t\t<\/div>\n\t\t\t\t\t<\/div>\n\t\t<\/div>\n\t\t\t\t<div class=\"elementor-column elementor-col-50 elementor-inner-column elementor-element elementor-element-d77b1b5\" data-id=\"d77b1b5\" data-element_type=\"column\">\n\t\t\t<div class=\"elementor-widget-wrap elementor-element-populated\">\n\t\t\t\t\t\t<div class=\"elementor-element elementor-element-c3fab87 elementor-widget elementor-widget-coachfocus_core_section_title\" data-id=\"c3fab87\" data-element_type=\"widget\" data-widget_type=\"coachfocus_core_section_title.default\">\n\t\t\t\t<div class=\"elementor-widget-container\">\n\t\t\t\t\t<div class=\"qodef-shortcode qodef-m  qodef-section-title qodef-alignment--left \">\n\t\t<h3 class=\"qodef-m-title\" >\n\t\t\t\t\tProf. Dr. Lokman GEM\u0130\t\t\t<\/h3>\n\t<\/div>\n\t\t\t\t<\/div>\n\t\t\t\t<\/div>\n\t\t\t\t<div class=\"elementor-element elementor-element-9f0dc6f elementor-widget elementor-widget-coachfocus_core_section_title\" data-id=\"9f0dc6f\" data-element_type=\"widget\" data-widget_type=\"coachfocus_core_section_title.default\">\n\t\t\t\t<div class=\"elementor-widget-container\">\n\t\t\t\t\t<div class=\"qodef-shortcode qodef-m  qodef-section-title qodef-alignment--left \">\n\t\t<h5 class=\"qodef-m-title\" >\n\t\t\t\t\tAkademik Dan\u0131\u015fman &amp; \u00d6\u011fretim G\u00f6revlisi\t\t\t<\/h5>\n\t<\/div>\n\t\t\t\t<\/div>\n\t\t\t\t<\/div>\n\t\t\t\t<div class=\"elementor-element elementor-element-b372a4f elementor-widget elementor-widget-text-editor\" data-id=\"b372a4f\" data-element_type=\"widget\" data-widget_type=\"text-editor.default\">\n\t\t\t\t<div class=\"elementor-widget-container\">\n\t\t\t\t\t\t\t\t\t<p><strong>Necmettin Erbakan \u00dcniversitesi OSB Teknik Bilimler Meslek Y\u00fcksek Okulu Makine ve Metal Teknolojileri B\u00f6l\u00fcm\u00fc\u2019nde \u00f6\u011fretim \u00fcyesi olarak g\u00f6rev yapan Dr. Gemi, <\/strong>g\u00f6revine teorik bilgi ve pratik deneyimin e\u015fsiz bir kar\u0131\u015f\u0131m\u0131n\u0131 getiriyor.<\/p>\t\t\t\t\t\t\t\t<\/div>\n\t\t\t\t<\/div>\n\t\t\t\t<div class=\"elementor-element elementor-element-fb49689 elementor-widget elementor-widget-text-editor\" data-id=\"fb49689\" data-element_type=\"widget\" data-widget_type=\"text-editor.default\">\n\t\t\t\t<div class=\"elementor-widget-container\">\n\t\t\t\t\t\t\t\t\t<p>Dr. Gemi, Makine M\u00fchendisli\u011fi alan\u0131nda lisans derecesine sahiptir ve akademik kariyeri <strong>24<\/strong> y\u0131l\u0131 a\u015fk\u0131n bir s\u00fcreyi kapsamaktad\u0131r.<\/p><p>Ara\u015ft\u0131rma ve \u00f6\u011fretimi, <strong>de\u011firmen mekanik sistemleri, de\u011firmende makine bilgisi ve mekanizasyon, de\u011firmende malzeme se\u00e7imi ve malzeme bilgisi, de\u011firmen makinelerinde montaj teknikleri ve m\u00fchendislik tasar\u0131m\u0131<\/strong> gibi alanlara odaklanmaktad\u0131r. Alana yapt\u0131\u011f\u0131 katk\u0131lar, \u00e7ok say\u0131da yay\u0131n ve end\u00fcstri liderleriyle yapt\u0131\u011f\u0131 i\u015fbirlikleriyle tan\u0131nm\u0131\u015ft\u0131r.<\/p><p><strong><em>Not:<\/em><\/strong><em> Dr. Gemi, Stanford \u00dcniversitesi taraf\u0131ndan haz\u0131rlanan Elsevier At\u0131f Metriklerine g\u00f6re (2021-2022-2023-2024) 4. Y\u0131l \u00dcst \u00dcste D\u00fcnya \u00c7ap\u0131nda En \u0130yi %2 Bilim \u0130nsan\u0131ndan biri olarak kabul edilmi\u015ftir.<br \/><br \/><\/em><\/p><p><strong>Alapala Akademi&#8217;de Dr. Gemi&#8217;nin sorumluluklar\u0131 alanlar\u0131:<\/strong><\/p><ul><li>E\u011fitim programlar\u0131n\u0131n kapsaml\u0131, g\u00fcncel ve sekt\u00f6r ihtiya\u00e7lar\u0131yla uyumlu olmas\u0131n\u0131 sa\u011flamak i\u00e7in tasarlamak ve geli\u015ftirmek.<br \/><br \/><\/li><li>Akademi \u00f6\u011frencilerine uzman tavsiyesi ve ment\u00f6rl\u00fck sa\u011flamak.<br \/><br \/><\/li><li>De\u011firmencilik teknolojileri ve uygulamalar\u0131n\u0131n ilerlemesine katk\u0131da bulunan, akademi ve end\u00fcstri aras\u0131nda k\u00f6pr\u00fc kuran ara\u015ft\u0131rma projelerine liderlik etmek.<\/li><\/ul>\t\t\t\t\t\t\t\t<\/div>\n\t\t\t\t<\/div>\n\t\t\t\t\t<\/div>\n\t\t<\/div>\n\t\t\t\t\t<\/div>\n\t\t<\/section>\n\t\t\t\t\t<\/div>\n\t\t<\/div>\n\t\t\t\t\t<\/div>\n\t\t<\/section>\n\t\t\t\t<\/div>\n\t\t","protected":false},"excerpt":{"rendered":"<p>Dr. Lokman Gemi, Alapala Akademi&#8217;de Akademik Dan\u0131\u015fman olarak g\u00f6rev yapmakta ve makine m\u00fchendisli\u011fi alan\u0131ndaki kapsaml\u0131 uzmanl\u0131\u011f\u0131n\u0131 ve akademik ge\u00e7mi\u015fini akademinin e\u011fitim programlar\u0131na ve giri\u015fimlerine rehberlik etmek i\u00e7in kullanmaktad\u0131r. Prof. Dr. Lokman GEM\u0130 Akademik Dan\u0131\u015fman &amp; \u00d6\u011fretim G\u00f6revlisi Necmettin Erbakan \u00dcniversitesi OSB Teknik Bilimler Meslek Y\u00fcksek Okulu Makine ve Metal Teknolojileri B\u00f6l\u00fcm\u00fc\u2019nde \u00f6\u011fretim \u00fcyesi olarak g\u00f6rev [&hellip;]<\/p>\n","protected":false},"author":1,"featured_media":9909,"parent":0,"menu_order":0,"comment_status":"closed","ping_status":"closed","template":"page-full-width.php","meta":{"_acf_changed":false,"footnotes":""},"class_list":["post-9681","page","type-page","status-publish","has-post-thumbnail","hentry"],"acf":[],"_links":{"self":[{"href":"https:\/\/www.alapalaacademy.com\/tr\/wp-json\/wp\/v2\/pages\/9681","targetHints":{"allow":["GET"]}}],"collection":[{"href":"https:\/\/www.alapalaacademy.com\/tr\/wp-json\/wp\/v2\/pages"}],"about":[{"href":"https:\/\/www.alapalaacademy.com\/tr\/wp-json\/wp\/v2\/types\/page"}],"author":[{"embeddable":true,"href":"https:\/\/www.alapalaacademy.com\/tr\/wp-json\/wp\/v2\/users\/1"}],"replies":[{"embeddable":true,"href":"https:\/\/www.alapalaacademy.com\/tr\/wp-json\/wp\/v2\/comments?post=9681"}],"version-history":[{"count":0,"href":"https:\/\/www.alapalaacademy.com\/tr\/wp-json\/wp\/v2\/pages\/9681\/revisions"}],"wp:featuredmedia":[{"embeddable":true,"href":"https:\/\/www.alapalaacademy.com\/tr\/wp-json\/wp\/v2\/media\/9909"}],"wp:attachment":[{"href":"https:\/\/www.alapalaacademy.com\/tr\/wp-json\/wp\/v2\/media?parent=9681"}],"curies":[{"name":"wp","href":"https:\/\/api.w.org\/{rel}","templated":true}]}}