{"id":9654,"date":"2024-08-27T15:51:26","date_gmt":"2024-08-27T12:51:26","guid":{"rendered":"https:\/\/www.alapalaacademy.com\/gulfem-alapala\/"},"modified":"2025-02-13T18:41:56","modified_gmt":"2025-02-13T15:41:56","slug":"gulfem-alapala","status":"publish","type":"page","link":"https:\/\/www.alapalaacademy.com\/tr\/gulfem-alapala\/","title":{"rendered":"G\u00fclfem Alapala"},"content":{"rendered":"\t\t<div data-elementor-type=\"wp-page\" data-elementor-id=\"9654\" class=\"elementor elementor-9654 elementor-7755\">\n\t\t\t\t\t\t<section class=\"elementor-section elementor-top-section elementor-element elementor-element-66bd8ce elementor-section-full_width qodef-elementor-content-grid elementor-section-height-default elementor-section-height-default\" data-id=\"66bd8ce\" data-element_type=\"section\" data-e-type=\"section\" data-settings=\"{&quot;background_background&quot;:&quot;classic&quot;}\">\n\t\t\t\t\t\t<div class=\"elementor-container elementor-column-gap-default\">\n\t\t\t\t\t<div class=\"elementor-column elementor-col-100 elementor-top-column elementor-element elementor-element-a372646\" data-id=\"a372646\" data-element_type=\"column\" data-e-type=\"column\">\n\t\t\t<div class=\"elementor-widget-wrap elementor-element-populated\">\n\t\t\t\t\t\t<div class=\"elementor-element elementor-element-054ecb1 elementor-hidden-mobile elementor-widget elementor-widget-coachfocus_core_custom_font\" data-id=\"054ecb1\" data-element_type=\"widget\" data-e-type=\"widget\" data-widget_type=\"coachfocus_core_custom_font.default\">\n\t\t\t\t<div class=\"elementor-widget-container\">\n\t\t\t\t\t<h1 class=\"qodef-shortcode qodef-m  qodef-custom-font qodef-custom-font-899 qodef-layout--simple\" style=\"font-family: Gilda Display;font-size: 38px;line-height: 45px;font-weight: 400\">Alapala Akademi'yi kurarken tek bir vizyonumuz vard\u0131: De\u011firmencilik sekt\u00f6r\u00fcnde k\u00fcresel standartlar\u0131 belirleyen yenilik\u00e7i ve yetkin profesyoneller yeti\u015ftirmek<\/h1>\n\t\t\t\t<\/div>\n\t\t\t\t<\/div>\n\t\t\t\t<div class=\"elementor-element elementor-element-f4ce37f elementor-hidden-desktop elementor-hidden-tablet elementor-widget elementor-widget-coachfocus_core_custom_font\" data-id=\"f4ce37f\" data-element_type=\"widget\" data-e-type=\"widget\" data-widget_type=\"coachfocus_core_custom_font.default\">\n\t\t\t\t<div class=\"elementor-widget-container\">\n\t\t\t\t\t<h1 class=\"qodef-shortcode qodef-m  qodef-custom-font qodef-custom-font-823 qodef-layout--simple\" style=\"font-family: Gilda Display;font-size: 26px;line-height: 35px;font-weight: 400\">Alapala Akademi'yi kurarken tek bir vizyonumuz vard\u0131: De\u011firmencilik sekt\u00f6r\u00fcnde k\u00fcresel standartlar\u0131 belirleyen yenilik\u00e7i ve yetkin profesyoneller yeti\u015ftirmek<\/h1>\n\t\t\t\t<\/div>\n\t\t\t\t<\/div>\n\t\t\t\t<section class=\"elementor-section elementor-inner-section elementor-element elementor-element-62e82c6 elementor-section-full_width elementor-section-height-default elementor-section-height-default qodef-elementor-content-no\" data-id=\"62e82c6\" data-element_type=\"section\" data-e-type=\"section\">\n\t\t\t\t\t\t<div class=\"elementor-container elementor-column-gap-default\">\n\t\t\t\t\t<div class=\"elementor-column elementor-col-100 elementor-inner-column elementor-element elementor-element-04ff5a1\" data-id=\"04ff5a1\" data-element_type=\"column\" data-e-type=\"column\">\n\t\t\t<div class=\"elementor-widget-wrap elementor-element-populated\">\n\t\t\t\t\t\t<div class=\"elementor-element elementor-element-43e3e80 elementor-widget elementor-widget-image\" data-id=\"43e3e80\" data-element_type=\"widget\" data-e-type=\"widget\" data-widget_type=\"image.default\">\n\t\t\t\t<div class=\"elementor-widget-container\">\n\t\t\t\t\t\t\t\t\t\t\t\t\t\t\t<img fetchpriority=\"high\" decoding=\"async\" width=\"1920\" height=\"1280\" src=\"https:\/\/www.alapalaacademy.com\/wp-content\/uploads\/2025\/02\/gulfem-alapala-academy.jpg\" class=\"attachment-full size-full wp-image-11784\" alt=\"\" srcset=\"https:\/\/www.alapalaacademy.com\/wp-content\/uploads\/2025\/02\/gulfem-alapala-academy.jpg 1920w, https:\/\/www.alapalaacademy.com\/wp-content\/uploads\/2025\/02\/gulfem-alapala-academy-300x200.jpg 300w, https:\/\/www.alapalaacademy.com\/wp-content\/uploads\/2025\/02\/gulfem-alapala-academy-1024x683.jpg 1024w, https:\/\/www.alapalaacademy.com\/wp-content\/uploads\/2025\/02\/gulfem-alapala-academy-768x512.jpg 768w, https:\/\/www.alapalaacademy.com\/wp-content\/uploads\/2025\/02\/gulfem-alapala-academy-1536x1024.jpg 1536w, https:\/\/www.alapalaacademy.com\/wp-content\/uploads\/2025\/02\/gulfem-alapala-academy-600x400.jpg 600w\" sizes=\"(max-width: 1920px) 100vw, 1920px\" \/>\t\t\t\t\t\t\t\t\t\t\t\t\t\t\t<\/div>\n\t\t\t\t<\/div>\n\t\t\t\t<div class=\"elementor-element elementor-element-2132dc5 elementor-widget elementor-widget-coachfocus_core_section_title\" data-id=\"2132dc5\" data-element_type=\"widget\" data-e-type=\"widget\" data-widget_type=\"coachfocus_core_section_title.default\">\n\t\t\t\t<div class=\"elementor-widget-container\">\n\t\t\t\t\t<div class=\"qodef-shortcode qodef-m  qodef-section-title qodef-alignment--center \">\n\t\t<h3 class=\"qodef-m-title\" >\n\t\t\t\t\tG\u00fclfem ALAPALA\t\t\t<\/h3>\n\t<\/div>\n\t\t\t\t<\/div>\n\t\t\t\t<\/div>\n\t\t\t\t<div class=\"elementor-element elementor-element-3c2e45f elementor-widget elementor-widget-coachfocus_core_section_title\" data-id=\"3c2e45f\" data-element_type=\"widget\" data-e-type=\"widget\" data-widget_type=\"coachfocus_core_section_title.default\">\n\t\t\t\t<div class=\"elementor-widget-container\">\n\t\t\t\t\t<div class=\"qodef-shortcode qodef-m  qodef-section-title qodef-alignment--center \">\n\t\t<h5 class=\"qodef-m-title\" >\n\t\t\t\t\tKurucumuz\t\t\t<\/h5>\n\t<\/div>\n\t\t\t\t<\/div>\n\t\t\t\t<\/div>\n\t\t\t\t\t<\/div>\n\t\t<\/div>\n\t\t\t\t\t<\/div>\n\t\t<\/section>\n\t\t\t\t<div class=\"elementor-element elementor-element-f1649da elementor-widget elementor-widget-text-editor\" data-id=\"f1649da\" data-element_type=\"widget\" data-e-type=\"widget\" data-widget_type=\"text-editor.default\">\n\t\t\t\t<div class=\"elementor-widget-container\">\n\t\t\t\t\t\t\t\t\t<p>Bug\u00fcn bu hedef do\u011frultusunda ilerleyen akademimiz, her ge\u00e7en g\u00fcn bilgi ve deneyimlerini payla\u015farak sekt\u00f6re de\u011fer katmaya devam ediyor.<\/p><p>Bizler, de\u011fi\u015fen teknoloji ve y\u00f6ntemlerle birlikte \u00f6\u011frenmenin ve geli\u015fimin hi\u00e7 bitmeyen bir s\u00fcre\u00e7 oldu\u011funa inan\u0131yoruz. Alapala Akademi olarak e\u011fitim i\u00e7eriklerimizi s\u00fcrekli g\u00fcncelliyor ve sekt\u00f6r\u00fcn liderlerinden olu\u015fan bir e\u011fitmen kadrosuyla sizlere en g\u00fcncel ve pratik bilgileri sunmaya gayret ediyoruz.<\/p><p>Bu akademiyi sekt\u00f6r\u00fcm\u00fcze katk\u0131 sa\u011flayacak bir bilgi payla\u015f\u0131m\u0131 merkezi haline getirmek i\u00e7in \u00e7\u0131kt\u0131\u011f\u0131m\u0131z bu yolda, her bir kat\u0131l\u0131mc\u0131m\u0131z\u0131n ba\u015far\u0131lar\u0131na tan\u0131kl\u0131k etmek en b\u00fcy\u00fck motivasyon kayna\u011f\u0131m\u0131z. E\u011fitimlerimizde \u00f6\u011frendi\u011finiz bilgileri sadece i\u015f hayat\u0131n\u0131zda de\u011fil, sekt\u00f6rde kal\u0131c\u0131 bir etki b\u0131rakma yolunda da kullanman\u0131z\u0131 y\u00fcrekten diliyoruz.<\/p><p><strong>Alapala Akademi ailesine kat\u0131larak \u00f6\u011frenme ve geli\u015fim yolculu\u011fumuza katk\u0131 sa\u011flad\u0131\u011f\u0131n\u0131z i\u00e7in te\u015fekk\u00fcr ederim. Sekt\u00f6r\u00fcm\u00fcz\u00fcn gelece\u011fini birlikte \u015fekillendirece\u011fimizden eminim.<\/strong><\/p>\t\t\t\t\t\t\t\t<\/div>\n\t\t\t\t<\/div>\n\t\t\t\t\t<\/div>\n\t\t<\/div>\n\t\t\t\t\t<\/div>\n\t\t<\/section>\n\t\t\t\t<\/div>\n\t\t","protected":false},"excerpt":{"rendered":"<p>Alapala Akademi&#8217;yi kurarken tek bir vizyonumuz vard\u0131: De\u011firmencilik sekt\u00f6r\u00fcnde k\u00fcresel standartlar\u0131 belirleyen yenilik\u00e7i ve yetkin profesyoneller yeti\u015ftirmek Alapala Akademi&#8217;yi kurarken tek bir vizyonumuz vard\u0131: De\u011firmencilik sekt\u00f6r\u00fcnde k\u00fcresel standartlar\u0131 belirleyen yenilik\u00e7i ve yetkin profesyoneller yeti\u015ftirmek G\u00fclfem ALAPALA Kurucumuz Bug\u00fcn bu hedef do\u011frultusunda ilerleyen akademimiz, her ge\u00e7en g\u00fcn bilgi ve deneyimlerini payla\u015farak sekt\u00f6re de\u011fer katmaya devam ediyor. [&hellip;]<\/p>\n","protected":false},"author":1,"featured_media":9352,"parent":0,"menu_order":0,"comment_status":"closed","ping_status":"closed","template":"page-full-width.php","meta":{"_acf_changed":false,"footnotes":""},"class_list":["post-9654","page","type-page","status-publish","has-post-thumbnail","hentry"],"acf":[],"_links":{"self":[{"href":"https:\/\/www.alapalaacademy.com\/tr\/wp-json\/wp\/v2\/pages\/9654","targetHints":{"allow":["GET"]}}],"collection":[{"href":"https:\/\/www.alapalaacademy.com\/tr\/wp-json\/wp\/v2\/pages"}],"about":[{"href":"https:\/\/www.alapalaacademy.com\/tr\/wp-json\/wp\/v2\/types\/page"}],"author":[{"embeddable":true,"href":"https:\/\/www.alapalaacademy.com\/tr\/wp-json\/wp\/v2\/users\/1"}],"replies":[{"embeddable":true,"href":"https:\/\/www.alapalaacademy.com\/tr\/wp-json\/wp\/v2\/comments?post=9654"}],"version-history":[{"count":0,"href":"https:\/\/www.alapalaacademy.com\/tr\/wp-json\/wp\/v2\/pages\/9654\/revisions"}],"wp:featuredmedia":[{"embeddable":true,"href":"https:\/\/www.alapalaacademy.com\/tr\/wp-json\/wp\/v2\/media\/9352"}],"wp:attachment":[{"href":"https:\/\/www.alapalaacademy.com\/tr\/wp-json\/wp\/v2\/media?parent=9654"}],"curies":[{"name":"wp","href":"https:\/\/api.w.org\/{rel}","templated":true}]}}