{"id":11891,"date":"2025-03-06T02:48:00","date_gmt":"2025-03-05T23:48:00","guid":{"rendered":"https:\/\/www.alapalaacademy.com\/alapala-akademi-egitim-programi\/"},"modified":"2025-03-06T13:08:57","modified_gmt":"2025-03-06T10:08:57","slug":"alapala-akademi-egitim-programi","status":"publish","type":"page","link":"https:\/\/www.alapalaacademy.com\/tr\/alapala-akademi-egitim-programi\/","title":{"rendered":"ALAPALA AKADEM\u0130 E\u011e\u0130T\u0130M PROGRAMI"},"content":{"rendered":"\t\t<div data-elementor-type=\"wp-page\" data-elementor-id=\"11891\" class=\"elementor elementor-11891 elementor-11889\">\n\t\t\t\t<div class=\"elementor-element elementor-element-46d2f50 e-flex e-con-boxed e-con e-parent\" data-id=\"46d2f50\" data-element_type=\"container\">\n\t\t\t\t\t<div class=\"e-con-inner\">\n\t\t\t\t<div class=\"elementor-element elementor-element-53f9e18 elementor-widget elementor-widget-text-editor\" data-id=\"53f9e18\" data-element_type=\"widget\" data-widget_type=\"text-editor.default\">\n\t\t\t\t<div class=\"elementor-widget-container\">\n\t\t\t\t\t\t\t\t\t<p><\/p><h3 data-start=\"115\" data-end=\"151\">ALAPALA AKADEM\u0130 E\u011e\u0130T\u0130M PROGRAMI<\/h3><h4 data-start=\"152\" data-end=\"193\"><strong data-start=\"152\" data-end=\"191\">Kurumsal Kurallar ve Prosed\u00fcrler<\/strong><\/h4><h4 data-start=\"195\" data-end=\"222\">1. GENEL B\u0130LG\u0130LER<\/h4><p data-start=\"223\" data-end=\"444\">Alapala Akademi&#8217;nin e\u011fitim programlar\u0131, de\u011firmencilik s\u00fcre\u00e7leriyle ilgili hem teorik hem de pratik oturumlar\u0131 kapsamaktad\u0131r. Bu dok\u00fcmanda, kat\u0131l\u0131mc\u0131lar\u0131n uymas\u0131 gereken kurallar ve program detaylar\u0131 belirtilmektedir. <\/p><h4 data-start=\"446\" data-end=\"486\">2. ULA\u015eIM VE KONAKLAMA<\/h4><h5 data-start=\"488\" data-end=\"512\">2.1 Ula\u015f\u0131m<\/h5><ul data-start=\"513\" data-end=\"856\"><li data-start=\"513\" data-end=\"676\"><strong data-start=\"519\" data-end=\"564\">Merzifon Havaliman\u0131 \u2013 \u00c7orum (Otel) transferi<\/strong> Alapala Akademi taraf\u0131ndan sa\u011flanacakt\u0131r. Di\u011fer havalimanlar\u0131ndan transferler kat\u0131l\u0131mc\u0131n\u0131n sorumlulu\u011fundad\u0131r.<\/li><li data-start=\"677\" data-end=\"779\"><strong data-start=\"679\" data-end=\"740\">Otel ile Akademi\/Fabrika aras\u0131ndaki g\u00fcnl\u00fck transferle<\/strong>r Alapala Akademi taraf\u0131ndan sa\u011flanacakt\u0131r.<\/li><li data-start=\"780\" data-end=\"856\"><strong data-start=\"782\" data-end=\"839\">Transferler i\u00e7in t\u00fcm kat\u0131l\u0131mc\u0131lar\u0131n belirtilen saatte<\/strong> haz\u0131r bulunmas\u0131 gerekmektedir.<\/li><\/ul><h5 data-start=\"858\" data-end=\"891\">2.2 Konaklama ve Yemekler<\/h5><ul data-start=\"892\" data-end=\"1274\"><li data-start=\"892\" data-end=\"948\"><strong data-start=\"894\" data-end=\"907\">Kay\u0131t:<\/strong> E\u011fitim ba\u015flamadan \u00f6nceki Pazar g\u00fcn\u00fc.<\/li><li data-start=\"949\" data-end=\"1009\"><strong data-start=\"951\" data-end=\"965\">\u00c7\u0131k\u0131\u015f: <\/strong> E\u011fitimin bitece\u011fi hafta Cumartesi sabah\u0131<\/li><li data-start=\"1010\" data-end=\"1106\">Konaklama Akademi taraf\u0131ndan se\u00e7ilecek otellerde sa\u011flanacak olup kahvalt\u0131 d\u00e2hildir.<\/li><li data-start=\"1107\" data-end=\"1274\"><strong data-start=\"1109\" data-end=\"1141\">\u00d6\u011fle yeme\u011fi ve ak\u015fam yeme\u011fi<\/strong> Alapala Academy taraf\u0131ndan sa\u011flanacakt\u0131r. Akademi&#8217;nin belirledi\u011fi men\u00fcler d\u0131\u015f\u0131nda kalan yemek talepleri kat\u0131l\u0131mc\u0131n\u0131n kendi masraf\u0131na olacakt\u0131r.<\/li><\/ul><h5 data-start=\"1276\" data-end=\"1303\">2.3 Sosyal Aktiviteler<\/h5><ul data-start=\"1304\" data-end=\"1661\"><li data-start=\"1304\" data-end=\"1397\"><strong data-start=\"1310\" data-end=\"1338\">10 g\u00fcnl\u00fck e\u011fitim programlar\u0131nda<\/strong> ilk hafta grup yeme\u011fi organize edilecektir.<\/li><li data-start=\"1398\" data-end=\"1501\"><strong data-start=\"1404\" data-end=\"1432\">10 g\u00fcnl\u00fck e\u011fitim programlar\u0131nda <\/strong> ilk hafta sonu (cumartesi) k\u00fclt\u00fcr gezisi d\u00fczenlenecektir.<\/li><li data-start=\"1502\" data-end=\"1661\">T\u00fcm sosyal aktivitelere kat\u0131l\u0131m \u00fccretsizdir. Akademi\u2019nin planlanm\u0131\u015f program\u0131 d\u0131\u015f\u0131nda yap\u0131lacak her t\u00fcrl\u00fc etkinlik talebinin masraf\u0131 kat\u0131l\u0131mc\u0131ya ait olacakt\u0131r.<\/li><\/ul><h4 data-start=\"1663\" data-end=\"1688\">3. SA\u011eLIK VE G\u00dcVENL\u0130K<\/h4><h5 data-start=\"1690\" data-end=\"1719\">3.1 Sa\u011fl\u0131k Gereksinimleri<\/h5><ul data-start=\"1720\" data-end=\"2477\"><li data-start=\"1720\" data-end=\"1906\">Kat\u0131l\u0131mc\u0131lar\u0131n T\u00fcrkiye&#8217;de kal\u0131\u015flar\u0131n\u0131 kapsayan <strong data-start=\"1735\" data-end=\"1780\"> ge\u00e7erli bir seyahat sa\u011fl\u0131k sigortas\u0131na sahip olmalar\u0131 gerekmektedir. <\/strong> Akademi taraf\u0131ndan zorunlu tutulan sigorta, kat\u0131l\u0131mc\u0131n\u0131n kendi sa\u011fl\u0131k g\u00fcvencesinin sa\u011flanmas\u0131d\u0131r.<\/li><li data-start=\"1907\" data-end=\"1994\">Kat\u0131l\u0131mc\u0131lar <strong data-start=\"1922\" data-end=\"1991\">kendi sa\u011fl\u0131k durumlar\u0131ndan ve t\u0131bbi ihtiya\u00e7lar\u0131ndan sorumludurlar.<\/strong><\/li><li data-start=\"1995\" data-end=\"2110\">E\u011fitim s\u0131ras\u0131nda olu\u015fabilecek <strong data-start=\"2001\" data-end=\"2041\">her t\u00fcrl\u00fc hastal\u0131k, rahats\u0131zl\u0131k veya sa\u011fl\u0131k sorunu<\/strong> kat\u0131l\u0131mc\u0131n\u0131n sorumlulu\u011fundad\u0131r.<\/li><li data-start=\"2111\" data-end=\"2228\"><strong data-start=\"2175\" data-end=\"2225\">Kat\u0131l\u0131mc\u0131lar e\u011fitime kay\u0131t yapt\u0131rarak sa\u011fl\u0131k durumlar\u0131n\u0131n <\/strong> kat\u0131l\u0131ma uygun oldu\u011funu teyit ederler.<\/li><li data-start=\"2229\" data-end=\"2346\">Alapala Akademi, e\u011fitim s\u0131ras\u0131nda \u00f6nceden var olan veya sonradan ortaya \u00e7\u0131kabilecek herhangi bir <strong data-start=\"2231\" data-end=\"2269\">sa\u011fl\u0131k sorunundan sorumlu tutulamaz. <\/strong><\/li><li data-start=\"2347\" data-end=\"2477\">Kat\u0131l\u0131mc\u0131lar kendi sa\u011fl\u0131klar\u0131 ile ilgili gerekli \u00f6nlemleri almaktan ve ila\u00e7lar\u0131n\u0131 yanlar\u0131nda bulundurmaktan sorumludurlar.<\/li><\/ul><h5 data-start=\"2479\" data-end=\"2509\">3.2 Fabrika G\u00fcvenlik Kurallar\u0131<\/h5><ul data-start=\"2510\" data-end=\"2981\"><li data-start=\"2510\" data-end=\"2654\">Kat\u0131l\u0131mc\u0131lar\u0131n Akademi taraf\u0131ndan <strong data-start=\"2525\" data-end=\"2568\"> zorunlu tutulan ki\u015fisel koruyucu ekipmanlar\u0131<\/strong> (kask, g\u00fcvenlik ayakkab\u0131s\u0131, koruyucu g\u00f6zl\u00fck) her zaman kullanmalar\u0131 zorunludur.<\/li><li data-start=\"2655\" data-end=\"2717\">Fabrika i\u00e7erisinde <strong data-start=\"2657\" data-end=\"2695\"> foto\u011fraf \u00e7ekimi kesinlikle yasakt\u0131r. <\/strong><\/li><li data-start=\"2718\" data-end=\"2790\">Her zaman <strong data-start=\"2720\" data-end=\"2774\">belirlenmi\u015f g\u00fcvenlik yollar\u0131 ve i\u015faretlerine uyulmal\u0131d\u0131r. <\/strong><\/li><li data-start=\"2791\" data-end=\"2893\">E\u011fitmenin rehberli\u011fi d\u0131\u015f\u0131nda <strong data-start=\"2793\" data-end=\"2840\">makine veya ekipmana m\u00fcdahale edilemez. <\/strong><\/li><li data-start=\"2894\" data-end=\"2981\"><strong data-start=\"2896\" data-end=\"2935\">Acil \u00e7\u0131k\u0131\u015flar ve toplanma noktalar\u0131 <\/strong> e\u011fitimin ilk g\u00fcn\u00fcnde g\u00f6sterilecektir.<\/li><\/ul><h4 data-start=\"2983\" data-end=\"3005\">4. E\u011e\u0130T\u0130M KURALLARI<\/h4><h5 data-start=\"3007\" data-end=\"3030\">4.1 Genel Kurallar<\/h5><ul data-start=\"3031\" data-end=\"3557\"><li data-start=\"3031\" data-end=\"3090\">T\u00fcm e\u011fitim oturumlar\u0131nda <strong data-start=\"3033\" data-end=\"3061\">dakiklik zorunludur. <\/strong><\/li><li data-start=\"3091\" data-end=\"3150\">E\u011fitim materyalleri Alapala Akademi taraf\u0131ndan sa\u011flanacakt\u0131r.<\/li><li data-start=\"3151\" data-end=\"3435\">Alapala Akademi\u2019de e\u011fitimler <strong data-start=\"3186\" data-end=\"3222\">T\u00fcrk\u00e7e ve \u0130ngilizce olarak y\u00fcr\u00fct\u00fclmektedir.<\/strong> E\u011fitim dili kat\u0131l\u0131mc\u0131 grubuna g\u00f6re belirlenecektir. Kat\u0131l\u0131mc\u0131lar\u0131n farkl\u0131 dilleri konu\u015fmas\u0131 durumunda, etkin kat\u0131l\u0131m\u0131n sa\u011flanmas\u0131 amac\u0131yla <strong data-start=\"3340\" data-end=\"3381\">yapay zeka destekli simultane \u00e7eviri <\/strong> sa\u011flanacakt\u0131r.<\/li><li data-start=\"3436\" data-end=\"3487\">E\u011fitim alan\u0131nda <strong data-start=\"3438\" data-end=\"3463\"> sigara i\u00e7mek yasakt\u0131r. <\/strong><\/li><li data-start=\"3488\" data-end=\"3557\">E\u011fitim s\u0131ras\u0131nda cep telefonlar\u0131n\u0131n <strong data-start=\"3519\" data-end=\"3534\"> sessiz moda<\/strong> al\u0131nmas\u0131 gerekmektedir.<\/li><\/ul><h5 data-start=\"3559\" data-end=\"3587\">4.2 \u00d6zel Ko\u015fullar<\/h5><ul data-start=\"3588\" data-end=\"3766\"><li data-start=\"3588\" data-end=\"3688\"><strong data-start=\"3590\" data-end=\"3639\">G\u0131da alerjileri veya \u00f6zel diyet tercihleri \u200b\u200b<\/strong>seyahatten \u00f6nce Akademiye bildirilmelidir.<\/li><li data-start=\"3689\" data-end=\"3766\"><strong data-start=\"3691\" data-end=\"3729\">Dini veya k\u00fclt\u00fcrel gereklilikler<\/strong> \u00f6nceden bildirilmelidir.<\/li><\/ul><h4 data-start=\"3768\" data-end=\"3808\">5. SORUMLULUKLAR VE Y\u00dcK\u00dcML\u00dcL\u00dcKLER<\/h4><p data-start=\"3809\" data-end=\"3829\">Kat\u0131l\u0131mc\u0131lar:<\/p><ul data-start=\"3830\" data-end=\"4018\"><li data-start=\"3830\" data-end=\"3867\"><strong data-start=\"3832\" data-end=\"3865\">T\u00fcm g\u00fcvenlik y\u00f6netmeliklerine uymak<\/strong><\/li><li data-start=\"3868\" data-end=\"3908\"><strong data-start=\"3870\" data-end=\"3906\">E\u011fitim ekipmanlar\u0131n\u0131 dikkatli kullanmak<\/strong><\/li><li data-start=\"3909\" data-end=\"3957\"><strong data-start=\"3911\" data-end=\"3955\">Di\u011fer kat\u0131l\u0131mc\u0131lar\u0131n haklar\u0131na sayg\u0131 g\u00f6sterin<\/strong><\/li><li data-start=\"3958\" data-end=\"4018\"><strong data-start=\"3960\" data-end=\"4016\">Akademi ve fabrika kurallar\u0131na riayet etmekle y\u00fck\u00fcml\u00fcd\u00fcr.<\/strong><\/li><\/ul><h4 data-start=\"4020\" data-end=\"4047\">6. \u0130LET\u0130\u015e\u0130M B\u0130LG\u0130LER\u0130<\/h4><p data-start=\"4048\" data-end=\"4080\">Acil durumlar ve sorular\u0131n\u0131z i\u00e7in:<\/p><ul data-start=\"4081\" data-end=\"4142\"><li data-start=\"4081\" data-end=\"4142\"><strong data-start=\"4083\" data-end=\"4107\">Akademi Koordinat\u00f6r\u00fc:<\/strong> \u0130leti\u015fim bilgileri eklenecektir.<\/li><\/ul><p data-start=\"4144\" data-end=\"4278\">Bu kurallar ve prosed\u00fcrler, e\u011fitim program\u0131n\u0131n g\u00fcvenli ve verimli bir \u015fekilde y\u00fcr\u00fct\u00fclmesi i\u00e7in Alapala Akademi taraf\u0131ndan haz\u0131rlanm\u0131\u015ft\u0131r.<\/p><p><\/p>\t\t\t\t\t\t\t\t<\/div>\n\t\t\t\t<\/div>\n\t\t\t\t\t<\/div>\n\t\t\t\t<\/div>\n\t\t\t\t<\/div>\n\t\t","protected":false},"excerpt":{"rendered":"<p>ALAPALA AKADEM\u0130 E\u011e\u0130T\u0130M PROGRAMI Kurumsal Kurallar ve Prosed\u00fcrler 1. GENEL B\u0130LG\u0130LER Alapala Akademi&#8217;nin e\u011fitim programlar\u0131, de\u011firmencilik s\u00fcre\u00e7leriyle ilgili hem teorik hem de pratik oturumlar\u0131 kapsamaktad\u0131r. Bu dok\u00fcmanda, kat\u0131l\u0131mc\u0131lar\u0131n uymas\u0131 gereken kurallar ve program detaylar\u0131 belirtilmektedir. 2. ULA\u015eIM VE KONAKLAMA 2.1 Ula\u015f\u0131m Merzifon Havaliman\u0131 \u2013 \u00c7orum (Otel) transferi Alapala Akademi taraf\u0131ndan sa\u011flanacakt\u0131r. Di\u011fer havalimanlar\u0131ndan transferler kat\u0131l\u0131mc\u0131n\u0131n [&hellip;]<\/p>\n","protected":false},"author":1,"featured_media":0,"parent":0,"menu_order":0,"comment_status":"closed","ping_status":"closed","template":"","meta":{"_acf_changed":false,"footnotes":""},"class_list":["post-11891","page","type-page","status-publish","hentry"],"acf":[],"_links":{"self":[{"href":"https:\/\/www.alapalaacademy.com\/tr\/wp-json\/wp\/v2\/pages\/11891","targetHints":{"allow":["GET"]}}],"collection":[{"href":"https:\/\/www.alapalaacademy.com\/tr\/wp-json\/wp\/v2\/pages"}],"about":[{"href":"https:\/\/www.alapalaacademy.com\/tr\/wp-json\/wp\/v2\/types\/page"}],"author":[{"embeddable":true,"href":"https:\/\/www.alapalaacademy.com\/tr\/wp-json\/wp\/v2\/users\/1"}],"replies":[{"embeddable":true,"href":"https:\/\/www.alapalaacademy.com\/tr\/wp-json\/wp\/v2\/comments?post=11891"}],"version-history":[{"count":0,"href":"https:\/\/www.alapalaacademy.com\/tr\/wp-json\/wp\/v2\/pages\/11891\/revisions"}],"wp:attachment":[{"href":"https:\/\/www.alapalaacademy.com\/tr\/wp-json\/wp\/v2\/media?parent=11891"}],"curies":[{"name":"wp","href":"https:\/\/api.w.org\/{rel}","templated":true}]}}