{"id":10190,"date":"2024-11-07T14:50:52","date_gmt":"2024-11-07T11:50:52","guid":{"rendered":"https:\/\/www.alapalaacademy.com\/?page_id=10190"},"modified":"2025-11-06T18:45:19","modified_gmt":"2025-11-06T15:45:19","slug":"dr-ahmet-lutfi-kursunel","status":"publish","type":"page","link":"https:\/\/www.alapalaacademy.com\/tr\/dr-ahmet-lutfi-kursunel\/","title":{"rendered":"Dr. Ahmet L\u00fctfi KUR\u015eUNEL"},"content":{"rendered":"\t\t<div data-elementor-type=\"wp-page\" data-elementor-id=\"10190\" class=\"elementor elementor-10190\">\n\t\t\t\t\t\t<section class=\"elementor-section elementor-top-section elementor-element elementor-element-66bd8ce elementor-section-full_width qodef-elementor-content-grid elementor-section-height-default elementor-section-height-default\" data-id=\"66bd8ce\" data-element_type=\"section\" data-settings=\"{&quot;background_background&quot;:&quot;classic&quot;}\">\n\t\t\t\t\t\t<div class=\"elementor-container elementor-column-gap-default\">\n\t\t\t\t\t<div class=\"elementor-column elementor-col-100 elementor-top-column elementor-element elementor-element-a372646\" data-id=\"a372646\" data-element_type=\"column\">\n\t\t\t<div class=\"elementor-widget-wrap elementor-element-populated\">\n\t\t\t\t\t\t<div class=\"elementor-element elementor-element-054ecb1 elementor-widget elementor-widget-coachfocus_core_custom_font\" data-id=\"054ecb1\" data-element_type=\"widget\" data-widget_type=\"coachfocus_core_custom_font.default\">\n\t\t\t\t<div class=\"elementor-widget-container\">\n\t\t\t\t\t<h1 class=\"qodef-shortcode qodef-m  qodef-custom-font qodef-custom-font-459 qodef-layout--simple\" style=\"font-family: Gilda Display;font-size: 36px;line-height: 45px;font-weight: 400\">Alapala Academy kadrosunda yer alan Dr. Ahmet L\u00fctfi KUR\u015eUNEL, \u00f6\u011f\u00fctme prosesi diyagramlar\u0131n\u0131n dizayn\u0131 ve optimizasyonu konular\u0131ndaki e\u011fitim ve tecr\u00fcbesi ile y\u00fcksek kaliteli \u00f6\u011f\u00fctme proseslerinin sa\u011flanmas\u0131 ve verimlili\u011fin artt\u0131r\u0131lmas\u0131 konular\u0131nda kritik bir g\u00f6rev \u00fcstlenmektedir. <\/h1>\n\t\t\t\t<\/div>\n\t\t\t\t<\/div>\n\t\t\t\t<section class=\"elementor-section elementor-inner-section elementor-element elementor-element-62e82c6 elementor-section-full_width elementor-section-height-default elementor-section-height-default qodef-elementor-content-no\" data-id=\"62e82c6\" data-element_type=\"section\">\n\t\t\t\t\t\t<div class=\"elementor-container elementor-column-gap-default\">\n\t\t\t\t\t<div class=\"elementor-column elementor-col-50 elementor-inner-column elementor-element elementor-element-04ff5a1\" data-id=\"04ff5a1\" data-element_type=\"column\">\n\t\t\t<div class=\"elementor-widget-wrap elementor-element-populated\">\n\t\t\t\t\t\t<div class=\"elementor-element elementor-element-43e3e80 elementor-widget elementor-widget-image\" data-id=\"43e3e80\" data-element_type=\"widget\" data-widget_type=\"image.default\">\n\t\t\t\t<div class=\"elementor-widget-container\">\n\t\t\t\t\t\t\t\t\t\t\t\t\t\t\t<img fetchpriority=\"high\" decoding=\"async\" width=\"545\" height=\"725\" src=\"https:\/\/www.alapalaacademy.com\/wp-content\/uploads\/2025\/11\/Dr-Ahmet-Lutfi-KURSUNEL-1.jpg\" class=\"attachment-large size-large wp-image-12108\" alt=\"\" srcset=\"https:\/\/www.alapalaacademy.com\/wp-content\/uploads\/2025\/11\/Dr-Ahmet-Lutfi-KURSUNEL-1.jpg 545w, https:\/\/www.alapalaacademy.com\/wp-content\/uploads\/2025\/11\/Dr-Ahmet-Lutfi-KURSUNEL-1-226x300.jpg 226w\" sizes=\"(max-width: 545px) 100vw, 545px\" \/>\t\t\t\t\t\t\t\t\t\t\t\t\t\t\t<\/div>\n\t\t\t\t<\/div>\n\t\t\t\t\t<\/div>\n\t\t<\/div>\n\t\t\t\t<div class=\"elementor-column elementor-col-50 elementor-inner-column elementor-element elementor-element-d77b1b5\" data-id=\"d77b1b5\" data-element_type=\"column\">\n\t\t\t<div class=\"elementor-widget-wrap elementor-element-populated\">\n\t\t\t\t\t\t<div class=\"elementor-element elementor-element-c3fab87 elementor-widget elementor-widget-coachfocus_core_section_title\" data-id=\"c3fab87\" data-element_type=\"widget\" data-widget_type=\"coachfocus_core_section_title.default\">\n\t\t\t\t<div class=\"elementor-widget-container\">\n\t\t\t\t\t<div class=\"qodef-shortcode qodef-m  qodef-section-title qodef-alignment--left \">\n\t\t<h3 class=\"qodef-m-title\" >\n\t\t\t\t\tDr. Ahmet L\u00fctfi KUR\u015eUNEL\t\t\t<\/h3>\n\t<\/div>\n\t\t\t\t<\/div>\n\t\t\t\t<\/div>\n\t\t\t\t<div class=\"elementor-element elementor-element-9f0dc6f elementor-widget elementor-widget-coachfocus_core_section_title\" data-id=\"9f0dc6f\" data-element_type=\"widget\" data-widget_type=\"coachfocus_core_section_title.default\">\n\t\t\t\t<div class=\"elementor-widget-container\">\n\t\t\t\t\t<div class=\"qodef-shortcode qodef-m  qodef-section-title qodef-alignment--left \">\n\t\t<h5 class=\"qodef-m-title\" >\n\t\t\t\t\tSanayici &amp; Emekli \u00d6\u011fretim \u00dcyesi \u2013 De\u011firmencilik Uzman\u0131\t\t\t<\/h5>\n\t<\/div>\n\t\t\t\t<\/div>\n\t\t\t\t<\/div>\n\t\t\t\t<div class=\"elementor-element elementor-element-ada47a7 elementor-widget elementor-widget-text-editor\" data-id=\"ada47a7\" data-element_type=\"widget\" data-widget_type=\"text-editor.default\">\n\t\t\t\t<div class=\"elementor-widget-container\">\n\t\t\t\t\t\t\t\t\t<p>Dr. Ahmet L\u00fctfi Kur\u015funel, Alapala Academy\u2019de <em>De\u011firmencilikte Diyagram Tekni\u011fi<\/em> derslerini vermektedir. Uzun y\u0131llara dayanan tecr\u00fcbesiyle \u00e7ok say\u0131da un fabrikas\u0131 projesinde g\u00f6rev alm\u0131\u015f; yurt i\u00e7i ve yurt d\u0131\u015f\u0131nda bir\u00e7ok fabrikan\u0131n diyagram tasar\u0131m\u0131n\u0131 ger\u00e7ekle\u015ftirmi\u015ftir. Edindi\u011fi bu kapsaml\u0131 deneyimi, Alapala Academy b\u00fcnyesinde d\u00fczenlenen de\u011firmencilik e\u011fitimlerinde yeni nesil profesyonellere aktarmaktad\u0131r.<\/p><p>Sel\u00e7uk \u00dcniversitesi M\u00fchendislik Fak\u00fcltesi Makine M\u00fchendisli\u011fi B\u00f6l\u00fcm\u00fc\u2019nde akademik kariyerine ba\u015flayan Dr. Kur\u015funel, Teknik Bilimler Meslek Y\u00fcksekokulu De\u011firmencilik Program\u0131\u2019n\u0131n kurulu\u015funda aktif rol alm\u0131\u015f ve uzun y\u0131llar program koordinat\u00f6rl\u00fc\u011f\u00fc g\u00f6revini y\u00fcr\u00fctm\u00fc\u015ft\u00fcr. Makine M\u00fchendisli\u011fi alan\u0131nda doktora derecesine sahip olan Kur\u015funel\u2019in akademik ve sekt\u00f6rel \u00e7al\u0131\u015fmalar\u0131 30 y\u0131l\u0131 a\u015fk\u0131n bir s\u00fcreye yay\u0131lmaktad\u0131r.<\/p><p>Ara\u015ft\u0131rma ve uygulama alanlar\u0131; de\u011firmen makineleri, diyagram tekni\u011fi, projelendirme, pn\u00f6matik ve aspirasyon sistemleri, montaj teknikleri ve m\u00fchendislik tasar\u0131m\u0131 konular\u0131n\u0131 kapsamaktad\u0131r. Ayr\u0131ca bir\u00e7ok firmaya dan\u0131\u015fmanl\u0131k yapm\u0131\u015f, halen blower sistemlerine ait makine imalat\u0131 faaliyetlerini s\u00fcrd\u00fcrmektedir.<\/p><p>Alapala Academy\u2019deki g\u00f6revinde, un fabrikas\u0131 proseslerinde diyagram dizayn\u0131 ve optimizasyonu konusundaki uzmanl\u0131\u011f\u0131yla, kaliteli \u00fcretim ve proses verimlili\u011finin art\u0131r\u0131lmas\u0131 i\u00e7in kritik katk\u0131lar sa\u011flamaktad\u0131r.<\/p>\t\t\t\t\t\t\t\t<\/div>\n\t\t\t\t<\/div>\n\t\t\t\t\t<\/div>\n\t\t<\/div>\n\t\t\t\t\t<\/div>\n\t\t<\/section>\n\t\t\t\t\t<\/div>\n\t\t<\/div>\n\t\t\t\t\t<\/div>\n\t\t<\/section>\n\t\t\t\t<\/div>\n\t\t","protected":false},"excerpt":{"rendered":"<p>Alapala Academy kadrosunda yer alan Dr. Ahmet L\u00fctfi KUR\u015eUNEL, \u00f6\u011f\u00fctme prosesi diyagramlar\u0131n\u0131n dizayn\u0131 ve optimizasyonu konular\u0131ndaki e\u011fitim ve tecr\u00fcbesi ile y\u00fcksek kaliteli \u00f6\u011f\u00fctme proseslerinin sa\u011flanmas\u0131 ve verimlili\u011fin artt\u0131r\u0131lmas\u0131 konular\u0131nda kritik bir g\u00f6rev \u00fcstlenmektedir. Dr. Ahmet L\u00fctfi KUR\u015eUNEL Sanayici &amp; Emekli \u00d6\u011fretim \u00dcyesi \u2013 De\u011firmencilik Uzman\u0131 Dr. Ahmet L\u00fctfi Kur\u015funel, Alapala Academy\u2019de De\u011firmencilikte Diyagram Tekni\u011fi derslerini [&hellip;]<\/p>\n","protected":false},"author":1,"featured_media":12106,"parent":0,"menu_order":0,"comment_status":"closed","ping_status":"closed","template":"page-full-width.php","meta":{"_acf_changed":false,"footnotes":""},"class_list":["post-10190","page","type-page","status-publish","has-post-thumbnail","hentry"],"acf":[],"_links":{"self":[{"href":"https:\/\/www.alapalaacademy.com\/tr\/wp-json\/wp\/v2\/pages\/10190","targetHints":{"allow":["GET"]}}],"collection":[{"href":"https:\/\/www.alapalaacademy.com\/tr\/wp-json\/wp\/v2\/pages"}],"about":[{"href":"https:\/\/www.alapalaacademy.com\/tr\/wp-json\/wp\/v2\/types\/page"}],"author":[{"embeddable":true,"href":"https:\/\/www.alapalaacademy.com\/tr\/wp-json\/wp\/v2\/users\/1"}],"replies":[{"embeddable":true,"href":"https:\/\/www.alapalaacademy.com\/tr\/wp-json\/wp\/v2\/comments?post=10190"}],"version-history":[{"count":0,"href":"https:\/\/www.alapalaacademy.com\/tr\/wp-json\/wp\/v2\/pages\/10190\/revisions"}],"wp:featuredmedia":[{"embeddable":true,"href":"https:\/\/www.alapalaacademy.com\/tr\/wp-json\/wp\/v2\/media\/12106"}],"wp:attachment":[{"href":"https:\/\/www.alapalaacademy.com\/tr\/wp-json\/wp\/v2\/media?parent=10190"}],"curies":[{"name":"wp","href":"https:\/\/api.w.org\/{rel}","templated":true}]}}