{"id":10182,"date":"2024-11-07T14:38:02","date_gmt":"2024-11-07T11:38:02","guid":{"rendered":"https:\/\/www.alapalaacademy.com\/?page_id=10182"},"modified":"2025-01-27T16:04:24","modified_gmt":"2025-01-27T13:04:24","slug":"ibrahim-kestek","status":"publish","type":"page","link":"https:\/\/www.alapalaacademy.com\/tr\/ibrahim-kestek\/","title":{"rendered":"\u0130brahim KESTEK"},"content":{"rendered":"\t\t<div data-elementor-type=\"wp-page\" data-elementor-id=\"10182\" class=\"elementor elementor-10182\">\n\t\t\t\t\t\t<section class=\"elementor-section elementor-top-section elementor-element elementor-element-66bd8ce elementor-section-full_width qodef-elementor-content-grid elementor-section-height-default elementor-section-height-default\" data-id=\"66bd8ce\" data-element_type=\"section\" data-e-type=\"section\" data-settings=\"{&quot;background_background&quot;:&quot;classic&quot;}\">\n\t\t\t\t\t\t<div class=\"elementor-container elementor-column-gap-default\">\n\t\t\t\t\t<div class=\"elementor-column elementor-col-100 elementor-top-column elementor-element elementor-element-a372646\" data-id=\"a372646\" data-element_type=\"column\" data-e-type=\"column\">\n\t\t\t<div class=\"elementor-widget-wrap elementor-element-populated\">\n\t\t\t\t\t\t<div class=\"elementor-element elementor-element-054ecb1 elementor-widget elementor-widget-coachfocus_core_custom_font\" data-id=\"054ecb1\" data-element_type=\"widget\" data-e-type=\"widget\" data-widget_type=\"coachfocus_core_custom_font.default\">\n\t\t\t\t<div class=\"elementor-widget-container\">\n\t\t\t\t\t<h1 class=\"qodef-shortcode qodef-m  qodef-custom-font qodef-custom-font-917 qodef-layout--simple\" style=\"font-family: Gilda Display;font-size: 36px;line-height: 45px;font-weight: 400\">Kestek, Alapala Akademi'de Proje Departman\u0131 M\u00fcd\u00fcr\u00fc olarak g\u00f6rev yapmakta olup, geli\u015fmi\u015f otomasyon ve elektrik sistemlerinin de\u011firmen operasyonlar\u0131na entegrasyonu konusunda uzmanla\u015fm\u0131\u015ft\u0131r.<\/h1>\n\t\t\t\t<\/div>\n\t\t\t\t<\/div>\n\t\t\t\t<section class=\"elementor-section elementor-inner-section elementor-element elementor-element-62e82c6 elementor-section-full_width elementor-section-height-default elementor-section-height-default qodef-elementor-content-no\" data-id=\"62e82c6\" data-element_type=\"section\" data-e-type=\"section\">\n\t\t\t\t\t\t<div class=\"elementor-container elementor-column-gap-default\">\n\t\t\t\t\t<div class=\"elementor-column elementor-col-50 elementor-inner-column elementor-element elementor-element-04ff5a1\" data-id=\"04ff5a1\" data-element_type=\"column\" data-e-type=\"column\">\n\t\t\t<div class=\"elementor-widget-wrap elementor-element-populated\">\n\t\t\t\t\t\t<div class=\"elementor-element elementor-element-43e3e80 elementor-widget elementor-widget-image\" data-id=\"43e3e80\" data-element_type=\"widget\" data-e-type=\"widget\" data-widget_type=\"image.default\">\n\t\t\t\t<div class=\"elementor-widget-container\">\n\t\t\t\t\t\t\t\t\t\t\t\t\t\t\t<img fetchpriority=\"high\" decoding=\"async\" width=\"550\" height=\"750\" src=\"https:\/\/www.alapalaacademy.com\/wp-content\/uploads\/2025\/01\/ibrahim-kestek.jpg\" class=\"attachment-large size-large wp-image-10920\" alt=\"\" srcset=\"https:\/\/www.alapalaacademy.com\/wp-content\/uploads\/2025\/01\/ibrahim-kestek.jpg 550w, https:\/\/www.alapalaacademy.com\/wp-content\/uploads\/2025\/01\/ibrahim-kestek-220x300.jpg 220w\" sizes=\"(max-width: 550px) 100vw, 550px\" \/>\t\t\t\t\t\t\t\t\t\t\t\t\t\t\t<\/div>\n\t\t\t\t<\/div>\n\t\t\t\t\t<\/div>\n\t\t<\/div>\n\t\t\t\t<div class=\"elementor-column elementor-col-50 elementor-inner-column elementor-element elementor-element-d77b1b5\" data-id=\"d77b1b5\" data-element_type=\"column\" data-e-type=\"column\">\n\t\t\t<div class=\"elementor-widget-wrap elementor-element-populated\">\n\t\t\t\t\t\t<div class=\"elementor-element elementor-element-c3fab87 elementor-widget elementor-widget-coachfocus_core_section_title\" data-id=\"c3fab87\" data-element_type=\"widget\" data-e-type=\"widget\" data-widget_type=\"coachfocus_core_section_title.default\">\n\t\t\t\t<div class=\"elementor-widget-container\">\n\t\t\t\t\t<div class=\"qodef-shortcode qodef-m  qodef-section-title qodef-alignment--left \">\n\t\t<h3 class=\"qodef-m-title\" >\n\t\t\t\t\t\u0130brahim KESTEK\t\t\t<\/h3>\n\t<\/div>\n\t\t\t\t<\/div>\n\t\t\t\t<\/div>\n\t\t\t\t<div class=\"elementor-element elementor-element-9f0dc6f elementor-widget elementor-widget-coachfocus_core_section_title\" data-id=\"9f0dc6f\" data-element_type=\"widget\" data-e-type=\"widget\" data-widget_type=\"coachfocus_core_section_title.default\">\n\t\t\t\t<div class=\"elementor-widget-container\">\n\t\t\t\t\t<div class=\"qodef-shortcode qodef-m  qodef-section-title qodef-alignment--left \">\n\t\t<h5 class=\"qodef-m-title\" >\n\t\t\t\t\tOtomasyon Proje Y\u00f6neticisi\t\t\t<\/h5>\n\t<\/div>\n\t\t\t\t<\/div>\n\t\t\t\t<\/div>\n\t\t\t\t<div class=\"elementor-element elementor-element-ada47a7 elementor-widget elementor-widget-text-editor\" data-id=\"ada47a7\" data-element_type=\"widget\" data-e-type=\"widget\" data-widget_type=\"text-editor.default\">\n\t\t\t\t<div class=\"elementor-widget-container\">\n\t\t\t\t\t\t\t\t\t<p><strong>Hitit \u00dcniversitesi<\/strong> <strong>Elektrik ve Elektronik M\u00fchendisli\u011fi<\/strong> mezunu olan Kestek&#8217;in sekt\u00f6rde <strong>11<\/strong> y\u0131l\u0131 a\u015fk\u0131n deneyimi bulunmaktad\u0131r. Uzmanl\u0131klar\u0131 PLC programlama, elektrik tasar\u0131m\u0131 ve otomasyon sistemi entegrasyonu, SCADA ve Proje tasar\u0131m\u0131 gibi \u00e7ok \u00e7e\u015fitli alanlar\u0131 kaps\u0131yor ve bu da onlar\u0131 akademi i\u00e7in paha bi\u00e7ilmez bir varl\u0131k haline getiriyor.<\/p><p><strong>Alapala Akademi&#8217;de Kestek&#8217;in sorumluluklar\u0131 aras\u0131nda \u015funlar yer al\u0131yor<\/strong><\/p><ul><li>De\u011firmen operasyonlar\u0131n\u0131n verimlili\u011fini ve g\u00fcvenilirli\u011fini art\u0131ran sofistike otomasyon ve elektrik sistemlerinin tasarlanmas\u0131 ve uygulanmas\u0131.<br \/><br \/><\/li><li>M\u00fc\u015fteriler ve personel i\u00e7in en son otomasyon teknolojileri ve elektrik sistemleri hakk\u0131nda derinlemesine e\u011fitim oturumlar\u0131 d\u00fczenlemek, ekipman\u0131n en iyi \u015fekilde kullan\u0131lmas\u0131n\u0131 ve bak\u0131m\u0131n\u0131n yap\u0131lmas\u0131n\u0131 sa\u011flamak.<br \/><br \/><\/li><li>De\u011firmen otomasyonunda m\u00fcmk\u00fcn olan\u0131n s\u0131n\u0131rlar\u0131n\u0131 zorlayan en son teknolojileri geli\u015ftirmek ve entegre etmek i\u00e7in Ar-Ge ekibiyle i\u015fbirli\u011fi yapmak.<br \/><br \/><\/li><li>Herhangi bir elektrik veya otomasyon sorununu ele almak, ar\u0131za s\u00fcresini en aza indirmek ve \u00fcretkenli\u011fi en \u00fcst d\u00fczeye \u00e7\u0131karmak i\u00e7in uzman deste\u011fi ve sorun giderme hizmetleri sa\u011flamak.<\/li><\/ul>\t\t\t\t\t\t\t\t<\/div>\n\t\t\t\t<\/div>\n\t\t\t\t\t<\/div>\n\t\t<\/div>\n\t\t\t\t\t<\/div>\n\t\t<\/section>\n\t\t\t\t\t<\/div>\n\t\t<\/div>\n\t\t\t\t\t<\/div>\n\t\t<\/section>\n\t\t\t\t<\/div>\n\t\t","protected":false},"excerpt":{"rendered":"<p>Kestek, Alapala Akademi&#8217;de Proje Departman\u0131 M\u00fcd\u00fcr\u00fc olarak g\u00f6rev yapmakta olup, geli\u015fmi\u015f otomasyon ve elektrik sistemlerinin de\u011firmen operasyonlar\u0131na entegrasyonu konusunda uzmanla\u015fm\u0131\u015ft\u0131r. \u0130brahim KESTEK Otomasyon Proje Y\u00f6neticisi Hitit \u00dcniversitesi Elektrik ve Elektronik M\u00fchendisli\u011fi mezunu olan Kestek&#8217;in sekt\u00f6rde 11 y\u0131l\u0131 a\u015fk\u0131n deneyimi bulunmaktad\u0131r. Uzmanl\u0131klar\u0131 PLC programlama, elektrik tasar\u0131m\u0131 ve otomasyon sistemi entegrasyonu, SCADA ve Proje tasar\u0131m\u0131 gibi \u00e7ok [&hellip;]<\/p>\n","protected":false},"author":1,"featured_media":9377,"parent":0,"menu_order":0,"comment_status":"closed","ping_status":"closed","template":"page-full-width.php","meta":{"_acf_changed":false,"footnotes":""},"class_list":["post-10182","page","type-page","status-publish","has-post-thumbnail","hentry"],"acf":[],"_links":{"self":[{"href":"https:\/\/www.alapalaacademy.com\/tr\/wp-json\/wp\/v2\/pages\/10182","targetHints":{"allow":["GET"]}}],"collection":[{"href":"https:\/\/www.alapalaacademy.com\/tr\/wp-json\/wp\/v2\/pages"}],"about":[{"href":"https:\/\/www.alapalaacademy.com\/tr\/wp-json\/wp\/v2\/types\/page"}],"author":[{"embeddable":true,"href":"https:\/\/www.alapalaacademy.com\/tr\/wp-json\/wp\/v2\/users\/1"}],"replies":[{"embeddable":true,"href":"https:\/\/www.alapalaacademy.com\/tr\/wp-json\/wp\/v2\/comments?post=10182"}],"version-history":[{"count":0,"href":"https:\/\/www.alapalaacademy.com\/tr\/wp-json\/wp\/v2\/pages\/10182\/revisions"}],"wp:featuredmedia":[{"embeddable":true,"href":"https:\/\/www.alapalaacademy.com\/tr\/wp-json\/wp\/v2\/media\/9377"}],"wp:attachment":[{"href":"https:\/\/www.alapalaacademy.com\/tr\/wp-json\/wp\/v2\/media?parent=10182"}],"curies":[{"name":"wp","href":"https:\/\/api.w.org\/{rel}","templated":true}]}}