{"id":10057,"date":"2024-09-04T00:04:48","date_gmt":"2024-09-03T21:04:48","guid":{"rendered":"https:\/\/www.alapalaacademy.com\/sezai-aydin\/"},"modified":"2025-01-27T16:03:44","modified_gmt":"2025-01-27T13:03:44","slug":"sezai-aydin","status":"publish","type":"page","link":"https:\/\/www.alapalaacademy.com\/tr\/sezai-aydin\/","title":{"rendered":"Sezai AYDIN"},"content":{"rendered":"\t\t<div data-elementor-type=\"wp-page\" data-elementor-id=\"10057\" class=\"elementor elementor-10057 elementor-8491\">\n\t\t\t\t\t\t<section class=\"elementor-section elementor-top-section elementor-element elementor-element-66bd8ce elementor-section-full_width qodef-elementor-content-grid elementor-section-height-default elementor-section-height-default\" data-id=\"66bd8ce\" data-element_type=\"section\" data-e-type=\"section\" data-settings=\"{&quot;background_background&quot;:&quot;classic&quot;}\">\n\t\t\t\t\t\t<div class=\"elementor-container elementor-column-gap-default\">\n\t\t\t\t\t<div class=\"elementor-column elementor-col-100 elementor-top-column elementor-element elementor-element-a372646\" data-id=\"a372646\" data-element_type=\"column\" data-e-type=\"column\">\n\t\t\t<div class=\"elementor-widget-wrap elementor-element-populated\">\n\t\t\t\t\t\t<div class=\"elementor-element elementor-element-054ecb1 elementor-widget elementor-widget-coachfocus_core_custom_font\" data-id=\"054ecb1\" data-element_type=\"widget\" data-e-type=\"widget\" data-widget_type=\"coachfocus_core_custom_font.default\">\n\t\t\t\t<div class=\"elementor-widget-container\">\n\t\t\t\t\t<h1 class=\"qodef-shortcode qodef-m  qodef-custom-font qodef-custom-font-741 qodef-layout--simple\" style=\"font-family: Gilda Display;font-size: 34px;line-height: 43px;font-weight: 400\">Ayd\u0131n Bey, Alapala Akademi\u2019de Ar-Ge M\u00fcd\u00fcr\u00fc olarak g\u00f6rev yapmaktad\u0131r ve de\u011firmencilik sekt\u00f6r\u00fcnde inovasyonu te\u015fvik etmek i\u00e7in ara\u015ft\u0131rma ve geli\u015ftirme giri\u015fimlerine liderlik etmektedir. Makine m\u00fchendisli\u011fi alan\u0131nda uzun bir ge\u00e7mi\u015fe ve tah\u0131l \u00f6\u011f\u00fctme teknolojilerine odaklanm\u0131\u015f bir uzmanl\u0131\u011fa sahip olan Ayd\u0131n, akademinin ileri d\u00fczey e\u011fitim ve \u00e7\u00f6z\u00fcmler sunma misyonunu ilerletmede kilit bir rol oynamaktad\u0131r.<\/h1>\n\t\t\t\t<\/div>\n\t\t\t\t<\/div>\n\t\t\t\t<section class=\"elementor-section elementor-inner-section elementor-element elementor-element-62e82c6 elementor-section-full_width elementor-section-height-default elementor-section-height-default qodef-elementor-content-no\" data-id=\"62e82c6\" data-element_type=\"section\" data-e-type=\"section\">\n\t\t\t\t\t\t<div class=\"elementor-container elementor-column-gap-default\">\n\t\t\t\t\t<div class=\"elementor-column elementor-col-50 elementor-inner-column elementor-element elementor-element-04ff5a1\" data-id=\"04ff5a1\" data-element_type=\"column\" data-e-type=\"column\">\n\t\t\t<div class=\"elementor-widget-wrap elementor-element-populated\">\n\t\t\t\t\t\t<div class=\"elementor-element elementor-element-43e3e80 elementor-widget elementor-widget-image\" data-id=\"43e3e80\" data-element_type=\"widget\" data-e-type=\"widget\" data-widget_type=\"image.default\">\n\t\t\t\t<div class=\"elementor-widget-container\">\n\t\t\t\t\t\t\t\t\t\t\t\t\t\t\t<img fetchpriority=\"high\" decoding=\"async\" width=\"550\" height=\"750\" src=\"https:\/\/www.alapalaacademy.com\/wp-content\/uploads\/2025\/01\/Sezai-Aydin.jpg\" class=\"attachment-large size-large wp-image-10924\" alt=\"\" srcset=\"https:\/\/www.alapalaacademy.com\/wp-content\/uploads\/2025\/01\/Sezai-Aydin.jpg 550w, https:\/\/www.alapalaacademy.com\/wp-content\/uploads\/2025\/01\/Sezai-Aydin-220x300.jpg 220w\" sizes=\"(max-width: 550px) 100vw, 550px\" \/>\t\t\t\t\t\t\t\t\t\t\t\t\t\t\t<\/div>\n\t\t\t\t<\/div>\n\t\t\t\t\t<\/div>\n\t\t<\/div>\n\t\t\t\t<div class=\"elementor-column elementor-col-50 elementor-inner-column elementor-element elementor-element-d77b1b5\" data-id=\"d77b1b5\" data-element_type=\"column\" data-e-type=\"column\">\n\t\t\t<div class=\"elementor-widget-wrap elementor-element-populated\">\n\t\t\t\t\t\t<div class=\"elementor-element elementor-element-c3fab87 elementor-widget elementor-widget-coachfocus_core_section_title\" data-id=\"c3fab87\" data-element_type=\"widget\" data-e-type=\"widget\" data-widget_type=\"coachfocus_core_section_title.default\">\n\t\t\t\t<div class=\"elementor-widget-container\">\n\t\t\t\t\t<div class=\"qodef-shortcode qodef-m  qodef-section-title qodef-alignment--left \">\n\t\t<h3 class=\"qodef-m-title\" >\n\t\t\t\t\tSezai AYDIN \t\t\t<\/h3>\n\t<\/div>\n\t\t\t\t<\/div>\n\t\t\t\t<\/div>\n\t\t\t\t<div class=\"elementor-element elementor-element-9f0dc6f elementor-widget elementor-widget-coachfocus_core_section_title\" data-id=\"9f0dc6f\" data-element_type=\"widget\" data-e-type=\"widget\" data-widget_type=\"coachfocus_core_section_title.default\">\n\t\t\t\t<div class=\"elementor-widget-container\">\n\t\t\t\t\t<div class=\"qodef-shortcode qodef-m  qodef-section-title qodef-alignment--left \">\n\t\t<h5 class=\"qodef-m-title\" >\n\t\t\t\t\tAr-Ge M\u00fcd\u00fcr\u00fc\t\t\t<\/h5>\n\t<\/div>\n\t\t\t\t<\/div>\n\t\t\t\t<\/div>\n\t\t\t\t<div class=\"elementor-element elementor-element-b372a4f elementor-widget elementor-widget-text-editor\" data-id=\"b372a4f\" data-element_type=\"widget\" data-e-type=\"widget\" data-widget_type=\"text-editor.default\">\n\t\t\t\t<div class=\"elementor-widget-container\">\n\t\t\t\t\t\t\t\t\t<p>Makine M\u00fchendisli\u011fi alan\u0131nda lisans diplomas\u0131na sahip olan Sezai Ayd\u0131n, alan\u0131nda 30 y\u0131l\u0131 a\u015fk\u0131n deneyime sahiptir. Uzmanl\u0131k alanlar\u0131 aras\u0131nda \u00dcretim, M\u00fchendislik ve Ar-Ge bulunmaktad\u0131r. Zengin bilgi birikimi, kapsaml\u0131 ve yenilik\u00e7i bak\u0131\u015f a\u00e7\u0131lar\u0131 ile yakla\u015fmas\u0131n\u0131 sa\u011flamaktad\u0131r.<\/p>\t\t\t\t\t\t\t\t<\/div>\n\t\t\t\t<\/div>\n\t\t\t\t<div class=\"elementor-element elementor-element-ada47a7 elementor-widget elementor-widget-text-editor\" data-id=\"ada47a7\" data-element_type=\"widget\" data-e-type=\"widget\" data-widget_type=\"text-editor.default\">\n\t\t\t\t<div class=\"elementor-widget-container\">\n\t\t\t\t\t\t\t\t\t<p><strong>Sezai Ayd\u0131n&#8217;\u0131n Alapala Akademi&#8217;deki sorumluluklar\u0131 \u015funlard\u0131r:<\/strong><\/p><ul><li>Yeni teknolojileri ke\u015ffetmek, \u00f6\u011f\u00fctme s\u00fcre\u00e7lerini iyile\u015ftirmek ve \u00fcr\u00fcn kalitesi ile g\u00fcvenli\u011fini art\u0131rmak amac\u0131yla Ar-Ge projelerine y\u00f6n vermek.<br \/><br \/><\/li><li>Tah\u0131l \u00f6\u011f\u00fctme alan\u0131n\u0131 ilerletmek amac\u0131yla yeni metodolojiler ve ara\u00e7lar geli\u015ftirmek i\u00e7in akademi ekibiyle i\u015f birli\u011fi yapmak.<br \/><br \/><\/li><li>Akademik kurumlar, sekt\u00f6r liderleri ve di\u011fer payda\u015flarla i\u015f birli\u011fi yaparak ortak bir ara\u015ft\u0131rma ortam\u0131 olu\u015fturmak i\u00e7in ortakl\u0131klar kurmak.<br \/><br \/><\/li><li>En son ara\u015ft\u0131rma bulgular\u0131n\u0131 ve teknolojik geli\u015fmeleri i\u00e7eren ileri d\u00fczey e\u011fitim programlar\u0131 tasarlamak ve sunmak.<\/li><\/ul><p>Sezai Ayd\u0131n, kendini de\u011firmencilik teknolojisinde m\u00fcmk\u00fcn olan\u0131n s\u0131n\u0131rlar\u0131n\u0131 zorlamaya adam\u0131\u015ft\u0131r. \u00c7al\u0131\u015fmalar\u0131, Alapala Akademi&#8217;nin sekt\u00f6rdeki geli\u015fmelerin \u00f6n saflar\u0131nda yer almas\u0131n\u0131 sa\u011flayarak d\u00fcnya \u00e7ap\u0131ndaki de\u011firmencilik profesyonellerine de\u011ferli bilgiler ve pratik \u00e7\u00f6z\u00fcmler sunmaktad\u0131r.<\/p>\t\t\t\t\t\t\t\t<\/div>\n\t\t\t\t<\/div>\n\t\t\t\t\t<\/div>\n\t\t<\/div>\n\t\t\t\t\t<\/div>\n\t\t<\/section>\n\t\t\t\t\t<\/div>\n\t\t<\/div>\n\t\t\t\t\t<\/div>\n\t\t<\/section>\n\t\t\t\t<\/div>\n\t\t","protected":false},"excerpt":{"rendered":"<p>Ayd\u0131n Bey, Alapala Akademi\u2019de Ar-Ge M\u00fcd\u00fcr\u00fc olarak g\u00f6rev yapmaktad\u0131r ve de\u011firmencilik sekt\u00f6r\u00fcnde inovasyonu te\u015fvik etmek i\u00e7in ara\u015ft\u0131rma ve geli\u015ftirme giri\u015fimlerine liderlik etmektedir. Makine m\u00fchendisli\u011fi alan\u0131nda uzun bir ge\u00e7mi\u015fe ve tah\u0131l \u00f6\u011f\u00fctme teknolojilerine odaklanm\u0131\u015f bir uzmanl\u0131\u011fa sahip olan Ayd\u0131n, akademinin ileri d\u00fczey e\u011fitim ve \u00e7\u00f6z\u00fcmler sunma misyonunu ilerletmede kilit bir rol oynamaktad\u0131r. Sezai AYDIN Ar-Ge M\u00fcd\u00fcr\u00fc [&hellip;]<\/p>\n","protected":false},"author":1,"featured_media":9378,"parent":0,"menu_order":0,"comment_status":"closed","ping_status":"closed","template":"page-full-width.php","meta":{"_acf_changed":false,"footnotes":""},"class_list":["post-10057","page","type-page","status-publish","has-post-thumbnail","hentry"],"acf":[],"_links":{"self":[{"href":"https:\/\/www.alapalaacademy.com\/tr\/wp-json\/wp\/v2\/pages\/10057","targetHints":{"allow":["GET"]}}],"collection":[{"href":"https:\/\/www.alapalaacademy.com\/tr\/wp-json\/wp\/v2\/pages"}],"about":[{"href":"https:\/\/www.alapalaacademy.com\/tr\/wp-json\/wp\/v2\/types\/page"}],"author":[{"embeddable":true,"href":"https:\/\/www.alapalaacademy.com\/tr\/wp-json\/wp\/v2\/users\/1"}],"replies":[{"embeddable":true,"href":"https:\/\/www.alapalaacademy.com\/tr\/wp-json\/wp\/v2\/comments?post=10057"}],"version-history":[{"count":0,"href":"https:\/\/www.alapalaacademy.com\/tr\/wp-json\/wp\/v2\/pages\/10057\/revisions"}],"wp:featuredmedia":[{"embeddable":true,"href":"https:\/\/www.alapalaacademy.com\/tr\/wp-json\/wp\/v2\/media\/9378"}],"wp:attachment":[{"href":"https:\/\/www.alapalaacademy.com\/tr\/wp-json\/wp\/v2\/media?parent=10057"}],"curies":[{"name":"wp","href":"https:\/\/api.w.org\/{rel}","templated":true}]}}